{"id":3,"date":"2024-10-01T11:51:01","date_gmt":"2024-10-01T09:51:01","guid":{"rendered":"https:\/\/aitenea.online\/?page_id=3"},"modified":"2024-11-06T16:50:42","modified_gmt":"2024-11-06T15:50:42","slug":"privacy-policy","status":"publish","type":"page","link":"https:\/\/aitenea.com\/es\/privacy-policy\/","title":{"rendered":"Pol\u00edtica de privacidad"},"content":{"rendered":"<h2 class=\"wp-block-heading\">Pol\u00edtica de privacidad<\/h2>\n\n\n\n<p><strong>1.- Introducci\u00f3n y definici\u00f3n de&nbsp;<\/strong><strong>Aitenea Biotech, S.L.:<\/strong><\/p>\n\n\n\n<p>El derecho a la intimidad, y en concreto el derecho a la protecci\u00f3n de datos personales es uno de los valores de&nbsp;Aitenea Biotech, S.L., el cual se encuentra recogido en nuestro C\u00f3digo \u00c9tico.<\/p>\n\n\n\n<p>Aitenea Biotech, S.L.,&nbsp;est\u00e1 plenamente comprometida con el cumplimiento de la normativa en vigor y Reglamento General de Protecci\u00f3n de Datos de la Uni\u00f3n Europea y la normativa relativa a la protecci\u00f3n de datos de car\u00e1cter personal vigente en cada momento, siendo un objetivo prioritario.<\/p>\n\n\n\n<p>El objetivo de esta pol\u00edtica es explicarle como&nbsp;Aitenea Biotech, S.L.&nbsp;tratar\u00e1 sus datos personales que puedan ser recabados a trav\u00e9s de los distintos formularios que a tal efecto pueden disponerse en la p\u00e1gina Web u otros canales. Sus datos personales ser\u00e1n tratados por&nbsp;Aitenea Biotech, S.L.&nbsp;de forma confidencial y solo para aquellas finalidades que Ud. haya consentido, tal y como se explica a continuaci\u00f3n en la presente pol\u00edtica.<\/p>\n\n\n\n<p>En general los datos personales ser\u00e1n tratados conjuntamente por la empresa que conforma&nbsp;Aitenea Biotech, S.L., pertenecientes al sector de biotecnolog\u00eda promovida por el consejo superior de investigaciones cient\u00edficas (csic) dedicada a la investigaci\u00f3n y desarrollo de f\u00e1rmacos, materiales y compuestos qu\u00edmicos.<\/p>\n\n\n\n<p>Esta empresa est\u00e1 domiciliada en C\/. Alfonso XII, 46, 6\u00ba Izq. &#8211; 28014 Madrid, Espa\u00f1a.&nbsp;Aitenea Biotech, S.L.&nbsp;se coordina desde las referidas instalaciones en Madrid, donde se centralizan los sistemas y servicios de la empresa, para ser gestionados de forma unificada. Por ello, el fichero donde se albergar\u00e1n sus datos personales se tratar\u00e1 internamente como una \u00fanica base de datos respecto a la que podr\u00e1 ejercitar los derechos descritos a continuaci\u00f3n.<\/p>\n\n\n\n<p><strong>2.- Finalidades de los tratamientos:<\/strong><\/p>\n\n\n\n<p>Le informamos que los datos personales que Ud. nos facilite ser\u00e1n tratados por&nbsp;Aitenea Biotech, S.L., perteneciente al sector de&nbsp;biotecnolog\u00eda promovida por el consejo superior de investigaciones cient\u00edficas (csic) dedicada a la investigaci\u00f3n y desarrollo de f\u00e1rmacos, materiales y compuestos qu\u00edmicos, con domicilio social en&nbsp;C\/. Alfonso XII, 46, 6\u00ba Izq. &#8211; 28014 Madrid, Espa\u00f1a.<\/p>\n\n\n\n<p>Sus datos personales ser\u00e1n tratados por&nbsp;Aitenea Biotech, S.L.de forma confidencial y para las siguientes finalidades:<\/p>\n\n\n\n<ul class=\"wp-block-list\">\n<li>Gestionar, en su caso, las solicitudes de compra de productos y servicios de\u00a0Aitenea Biotech, S.L.<\/li>\n\n\n\n<li>Gestionar su suscripci\u00f3n de usuario a\u00a0Aitenea Biotech, S.L.<\/li>\n\n\n\n<li>Remitirle informaci\u00f3n sobre los productos y servicios ofrecidos por\u00a0Aitenea Biotech, S.L., en caso de que as\u00ed nos haya autorizado.<\/li>\n\n\n\n<li>Remisi\u00f3n de informaci\u00f3n de terceras empresas que colaboren con\u00a0Aitenea Biotech, S.L.\u00a0sobre eventos, sorteos y promociones exclusivos para los usuarios de\u00a0Aitenea Biotech, S.L., en caso de que as\u00ed nos haya autorizado.<\/li>\n\n\n\n<li>Remisi\u00f3n de la Newsletter o del bolet\u00edn de noticias de\u00a0Aitenea Biotech, S.L., en caso de que as\u00ed nos haya autorizado.<\/li>\n\n\n\n<li>Tratar la informaci\u00f3n de forma personalizada de acuerdo con los gustos e intereses comunicados por el usuario, o que pudi\u00e9semos deducir de la navegaci\u00f3n por la web o de sus reacciones a nuestras comunicaciones, en caso de que as\u00ed nos haya autorizado.<\/li>\n\n\n\n<li>Realizar investigaciones, encuestas y estudios de mercado, en caso de que as\u00ed nos haya autorizado.<\/li>\n\n\n\n<li>Registrarse en las p\u00e1ginas web de\u00a0Aitenea Biotech, S.L.<\/li>\n<\/ul>\n\n\n\n<p>Le informamos que en algunas ocasiones puede ser necesario el tratamiento de sus datos personales para dar cumplimiento a obligaciones legales, o en relaci\u00f3n con cualquier relaci\u00f3n contractual que podamos tener con Ud.<\/p>\n\n\n\n<p>En los dem\u00e1s supuestos, y siempre que sea oportuno le solicitaremos su consentimiento para tratar sus datos personales.<\/p>\n\n\n\n<p><strong>3.-&nbsp;<\/strong><strong>Env\u00edo de comunicaciones comerciales y comunicaciones segmentadas basadas en su perfil.<\/strong><\/p>\n\n\n\n<p>En el supuesto que nos haya autorizado, a trav\u00e9s de la prestaci\u00f3n de su consentimiento, le enviaremos o comunicaremos informaciones comerciales relacionadas con los productos y servicios de&nbsp;Aitenea Biotech, S.L.<\/p>\n\n\n\n<p>En el caso de que se haya suscrito a la Newsletter, le enviaremos peri\u00f3dicamente la misma con novedades e informaci\u00f3n sobre&nbsp;Aitenea Biotech, S.L..&nbsp;En cada env\u00edo Ud. podr\u00e1 revocar el consentimiento prestado, haciendo click en el link de \u201cbaja\u201d.<\/p>\n\n\n\n<p>Las comunicaciones que desde&nbsp;Aitenea Biotech, S.L.&nbsp;le podamos enviar o comunicar, pueden estar segmentadas de acuerdo con su perfil, teniendo en cuenta los gustos y preferencias que Ud. nos haya manifestado, bien por ser necesarias para la ejecuci\u00f3n de un contrato entre el interesado y el responsable del tratamiento, bien, por contar con su consentimiento expl\u00edcito, o bien por que exista una norma que as\u00ed lo autorice, inform\u00e1ndole oportunamente en cada caso.<\/p>\n\n\n\n<p>En este sentido, le enviaremos o comunicaremos informaci\u00f3n sobre productos, actividades y servicios personalizados para Ud. de acuerdo con sus gustos y preferencias.<\/p>\n\n\n\n<p>Le informamos que en cualquier momento podr\u00e1 revocar su consentimiento a recibir comunicaciones comerciales en cada una de las comunicaciones, marcando el link \u201cbaja\u201d, o comunicando su voluntad de revocar el consentimiento en las siguientes direcciones:<\/p>\n\n\n\n<p>(i). Correo electr\u00f3nico que deber\u00e1 dirigir a la direcci\u00f3n&nbsp;<a href=\"mailto:info@aitenea.com\">info@aitenea.com<\/a><\/p>\n\n\n\n<p>(ii). Correo postal dirigido al Departamento de Atenci\u00f3n al Cliente, con la referencia, \u201cDatos Personales\u201d a la direcci\u00f3n&nbsp;C\/. Alfonso XII, 46, 6\u00ba Izq. &#8211; 28014 Madrid, Espa\u00f1a.<\/p>\n\n\n\n<p><strong>4.- Decisiones automatizadas y elaboraci\u00f3n de perfiles:<\/strong><\/p>\n\n\n\n<p>Para algunos servicios podemos tratar sus datos personales utilizando medios automatizados. Ello significa que determinadas decisiones se toman de forma autom\u00e1tica sin intervenci\u00f3n humana. Por ejemplo, c\u00f3mo mostrar las preferencias que tenga seleccionadas en la web, el aviso de privacidad o el env\u00edo de comunicaciones comerciales, entre otros.<\/p>\n\n\n\n<p>Podemos llevar a cabo otros tratamientos elaborando un perfil con la finalidad de predecir su comportamiento en la web mostr\u00e1ndole en la p\u00e1gina principal productos que puedan ser de su inter\u00e9s en base a las preferencias demostradas mediante su navegaci\u00f3n e informaci\u00f3n obtenida a trav\u00e9s de las cookies.<\/p>\n\n\n\n<p><strong>5.- Plazos de conservaci\u00f3n:<\/strong><\/p>\n\n\n\n<p>Sus datos se conservar\u00e1n durante el plazo establecido en el cuadro que se muestra a continuaci\u00f3n, sin perjuicio de su conservaci\u00f3n y mantenimiento bajo el debido bloqueo para su puesta a disposici\u00f3n de las Autoridades con competencia en las distintas materias que sean de aplicaci\u00f3n.<\/p>\n\n\n\n<figure class=\"wp-block-table\"><table class=\"has-fixed-layout\"><tbody><tr><td><strong>Tratamiento<\/strong><\/td><td><strong>C\u00f3mo determinamos el plazo de conservaci\u00f3n de sus datos<\/strong><\/td><\/tr><tr><td>Gestionar, en su caso, las solicitudes de compra de productos y servicios de&nbsp;Aitenea Biotech, S.L.<\/td><td>Conservaremos los datos de su compra durante todo el proceso de su compra y mientras persistan obligaciones de cualquier tipo derivadas de la misma para&nbsp;Aitenea Biotech, S.L.<\/td><\/tr><tr><td>Gestionar su suscripci\u00f3n de usuario a&nbsp;Aitenea Biotech, S.L.<\/td><td>Conservaremos sus datos mientras dure su suscripci\u00f3n, en virtud de la ejecuci\u00f3n del contrato, y, de acuerdo que persistan obligaciones derivadas de la misma para&nbsp;Aitenea Biotech, S.L.<\/td><\/tr><tr><td>Remitirle informaci\u00f3n sobre los productos y servicios ofrecidos por&nbsp;Aitenea Biotech, S.L., en caso de que as\u00ed nos haya autorizado.<\/td><td>Conservaremos sus datos mientras que Vd. no revoque el consentimiento al tratamiento.<\/td><\/tr><tr><td>Remisi\u00f3n de informaci\u00f3n de terceras empresas que colaboren con&nbsp;Aitenea Biotech, S.L.&nbsp;sobre eventos, sorteos y promociones exclusivas para los usuarios de&nbsp;Aitenea Biotech, S.L., en caso de que as\u00ed nos haya autorizado.<\/td><td>Conservaremos sus datos mientras que Vd. no revoque el consentimiento al tratamiento de sus datos por parte de terceras empresas con las que colabora&nbsp;Aitenea Biotech, S.L.<\/td><\/tr><tr><td>Remisi\u00f3n de la Newsletter o del bolet\u00edn de noticias de&nbsp;Aitenea Biotech, S.L., en caso de que as\u00ed nos haya autorizado.<\/td><td>Conservaremos sus datos mientras que Vd. no se d\u00e9 de baja de la recepci\u00f3n de esta.<\/td><\/tr><tr><td>Tratar la informaci\u00f3n de forma personalizada de acuerdo con los gustos e intereses comunicados por el usuario, o que pudi\u00e9semos deducir de la navegaci\u00f3n por la web o de sus reacciones a nuestras comunicaciones, en caso de que as\u00ed nos haya autorizado.<\/td><td>Conservaremos sus datos mientras que Vd. no revoque el consentimiento al tratamiento.<\/td><\/tr><tr><td>Realizar investigaciones, encuestas y estudios de mercado, en caso de que as\u00ed nos haya autorizado.<\/td><td>Conservaremos sus datos mientras que Vd. no revoque el consentimiento al tratamiento.<\/td><\/tr><tr><td>Responder a las consultas o solicitud de informaci\u00f3n que nos haya planteado por cualquiera de las v\u00edas que&nbsp;Aitenea Biotech, S.L.&nbsp;&nbsp;haya puesto a su disposici\u00f3n<\/td><td>Conservaremos sus datos para dar respuesta a la consulta que nos plantea y mientras que pueda existir una obligaci\u00f3n por parte de&nbsp;Aitenea Biotech, S.L.&nbsp;en relaci\u00f3n con la respuesta que le hayamos ofrecido.<\/td><\/tr><tr><td>Registrarse en la p\u00e1gina web<\/td><td>Conservaremos sus datos mientras que Vd. no se d\u00e9 de baja.<\/td><\/tr><\/tbody><\/table><\/figure>\n\n\n\n<p><strong>6.- Ejercicio de derechos y reclamaciones ante la AEPD:<\/strong><\/p>\n\n\n\n<p>Como consecuencia del tratamiento de sus datos personales por parte de&nbsp;Aitenea Biotech, S.L.,&nbsp;la legislaci\u00f3n vigente le otorga una serie de derechos.<\/p>\n\n\n\n<p>En concreto Ud. puede ejercer los siguientes derechos:<\/p>\n\n\n\n<ul class=\"wp-block-list\">\n<li>Derecho de acceso: Ud. tendr\u00e1 derecho a conocer los datos personales que tratamos sobre Ud. de acuerdo con las finalidades que le hemos informado.<\/li>\n\n\n\n<li>Derecho de rectificaci\u00f3n: Ud. tendr\u00e1 derecho a poder rectificar cualquier dato que sea inexacto o incompleto.<\/li>\n\n\n\n<li>Derecho de supresi\u00f3n: Ud. podr\u00e1 solicitar que sus datos personales sean suprimidos de nuestros ficheros.<\/li>\n\n\n\n<li>Derecho de oposici\u00f3n: Ud. podr\u00e1 oponerse al tratamiento de sus datos en relaci\u00f3n con las acciones de marketing directo. As\u00ed como por motivos personales, salvo que la base del tratamiento sea el inter\u00e9s leg\u00edtimo.<\/li>\n\n\n\n<li>Derecho de limitaci\u00f3n del tratamiento: Ud. podr\u00e1 solicitar la limitaci\u00f3n del tratamiento en el caso de que impugne su exactitud. Es decir, se limitar\u00e1 el tratamiento cuando sea il\u00edcito y Ud. se haya opuesto a la supresi\u00f3n de sus datos personales y solicita en su lugar la limitaci\u00f3n de su uso. Cuando los datos no sean necesarios para el tratamiento, pero si Ud. los necesita para la formulaci\u00f3n o ejercicio o defensa de reclamaciones.<\/li>\n\n\n\n<li>Derecho a la portabilidad de sus datos: Ud. tendr\u00e1 derecho a que siempre que sea posible t\u00e9cnicamente y que se encuentre amparado dentro de los supuestos establecidos en el caso de que el tratamiento est\u00e9 basado en el consentimiento, o en un contrato suscrito con el responsable, podr\u00e1 solicitar que sus datos personales sean comunicados a otro responsable del tratamiento.<\/li>\n<\/ul>\n\n\n\n<p>En cumplimiento de lo dispuesto en la Ley de Servicios de la Sociedad de la Informaci\u00f3n y Comercio Electr\u00f3nico (LSSI) Ud. podr\u00e1 revocar en cualquier momento su consentimiento al env\u00edo de comunicaciones comerciales por medios electr\u00f3nicos.<\/p>\n\n\n\n<p>Revocar el consentimiento prestado para el tratamiento de sus datos personales.<\/p>\n\n\n\n<p>El ejercicio de los derechos que ostenta podr\u00e1 ejercerlos dirigi\u00e9ndose al Comit\u00e9 de Protecci\u00f3n de Datos a trav\u00e9s de alguno de los siguientes medios, acompa\u00f1ando copia de su DNI o documento identificativo equivalente:<\/p>\n\n\n\n<p>(i). Mediante correo electr\u00f3nico que deber\u00e1 dirigir a la direcci\u00f3n&nbsp;<a href=\"mailto:info@aitenea.com\">info@aitenea.com<\/a>&nbsp;&nbsp;<\/p>\n\n\n\n<p>(ii). Correo postal dirigido a la direcci\u00f3n&nbsp;C\/. Alfonso XII, 46, 6\u00ba Izq. &#8211; 28014 Madrid, Espa\u00f1a, con la referencia \u201cProtecci\u00f3n de Datos\u201d.<\/p>\n\n\n\n<p>Asimismo, en caso de que no quiera ejercer un derecho en concreto, pero tenga la necesidad de realizar una consulta o sugerencia en relaci\u00f3n con el tratamiento de sus datos de car\u00e1cter personal tambi\u00e9n podr\u00e1 dirigirse a las direcciones facilitadas para el ejercicio de los derechos.<\/p>\n\n\n\n<p>Por otro lado,&nbsp;Aitenea Biotech, S.L.&nbsp;&nbsp;le informa que Ud. tiene derecho a presentar una reclamaci\u00f3n ante la Agencia Espa\u00f1ola de Protecci\u00f3n de Datos (AEPD), autoridad competente en materia de protecci\u00f3n de datos.<\/p>\n\n\n\n<p><strong>7.- Confidencialidad y seguridad en el tratamiento de datos:<\/strong><\/p>\n\n\n\n<p>La informaci\u00f3n recibida por&nbsp;Aitenea Biotech, S.L.&nbsp;a trav\u00e9s de cualquier v\u00eda ser\u00e1 tratada con la m\u00e1xima reserva y confidencialidad.<\/p>\n\n\n\n<p>Asimismo,&nbsp;Aitenea Biotech, S.L.&nbsp;declara y garantiza que ha establecido todos los medios t\u00e9cnicos a su alcance para evitar la p\u00e9rdida, mal uso, alteraci\u00f3n, acceso no autorizado y robo de los datos facilitados por los usuarios, sin perjuicio de informar que las medidas de seguridad en Internet no son inexpugnables.<\/p>\n\n\n\n<p><strong>8.- Redes sociales:<\/strong><\/p>\n\n\n\n<p>Ud. podr\u00e1 unirse a los Grupos que&nbsp;Aitenea Biotech, S.L.&nbsp;tiene en distintas redes sociales. El usuario que se haga fan o seguidor de alguno de estos grupos, acepta las condiciones de uso y pol\u00edtica de privacidad de la red social correspondiente.<\/p>\n\n\n\n<p><strong>9.- Transferencias internacionales:<\/strong><\/p>\n\n\n\n<p>En algunas ocasiones, puede ser que los datos personales se traten fuera del Espacio Econ\u00f3mico Europeo (EEE). En estas situaciones&nbsp;Aitenea Biotech, S.L.&nbsp;garantiza que aplicar\u00e1 todas las medidas y controles para garantizar y proteger el tratamiento de sus datos personales.<\/p>\n\n\n\n<p>Las principales medidas que adopta&nbsp;Aitenea Biotech, S.L.&nbsp;cuando se realiza una transferencia internacional de datos personales son, la firma de cl\u00e1usulas contractuales tipo aprobadas por la Comisi\u00f3n Europea, normas corporativas, vinculantes y certificaciones o c\u00f3digos de conducta aprobados por la Comisi\u00f3n Europea.<\/p>\n\n\n\n<p><strong>10.- Contacta con Aitenea Biotech, S.L.<\/strong><\/p>\n\n\n\n<p>Si tiene alguna consulta o duda sobre el tratamiento de sus datos personales por favor, p\u00f3ngase en contacto con nosotros a trav\u00e9s:<\/p>\n\n\n\n<p>(i). Correo electr\u00f3nico que deber\u00e1 dirigir a la direcci\u00f3n&nbsp;<a href=\"mailto:info@aitenea.com\">info@aitenea.com<\/a><\/p>\n\n\n\n<p>(ii). Correo postal dirigido al Departamento de Atenci\u00f3n al Cliente, con la referencia, \u201cDatos Personales\u201d a la direcci\u00f3n&nbsp;C\/. Alfonso XII, 46, 6\u00ba Izq. &#8211; 28014 Madrid, Espa\u00f1a.<\/p>\n\n\n\n<p><strong>11.- Datos de contacto DPO<\/strong><\/p>\n\n\n\n<p>Datos de contacto del Comit\u00e9 de Protecci\u00f3n de Datos:&nbsp;<a href=\"mailto:info@aitenea.com\">info@aitenea.com<\/a><\/p>","protected":false},"excerpt":{"rendered":"<p>Pol\u00edtica de privacidad 1.- Introducci\u00f3n y definici\u00f3n de&nbsp;Aitenea Biotech, S.L.: El derecho a la intimidad, y en concreto el derecho [&hellip;]<\/p>","protected":false},"author":1,"featured_media":0,"parent":0,"menu_order":0,"comment_status":"closed","ping_status":"closed","template":"","meta":{"site-sidebar-layout":"default","site-content-layout":"","ast-site-content-layout":"default","site-content-style":"default","site-sidebar-style":"default","ast-global-header-display":"","ast-banner-title-visibility":"","ast-main-header-display":"","ast-hfb-above-header-display":"","ast-hfb-below-header-display":"","ast-hfb-mobile-header-display":"","site-post-title":"","ast-breadcrumbs-content":"","ast-featured-img":"","footer-sml-layout":"","theme-transparent-header-meta":"","adv-header-id-meta":"","stick-header-meta":"","header-above-stick-meta":"","header-main-stick-meta":"","header-below-stick-meta":"","astra-migrate-meta-layouts":"default","ast-page-background-enabled":"default","ast-page-background-meta":{"desktop":{"background-color":"var(--ast-global-color-4)","background-image":"","background-repeat":"repeat","background-position":"center center","background-size":"auto","background-attachment":"scroll","background-type":"","background-media":"","overlay-type":"","overlay-color":"","overlay-opacity":"","overlay-gradient":""},"tablet":{"background-color":"","background-image":"","background-repeat":"repeat","background-position":"center center","background-size":"auto","background-attachment":"scroll","background-type":"","background-media":"","overlay-type":"","overlay-color":"","overlay-opacity":"","overlay-gradient":""},"mobile":{"background-color":"","background-image":"","background-repeat":"repeat","background-position":"center center","background-size":"auto","background-attachment":"scroll","background-type":"","background-media":"","overlay-type":"","overlay-color":"","overlay-opacity":"","overlay-gradient":""}},"ast-content-background-meta":{"desktop":{"background-color":"var(--ast-global-color-5)","background-image":"","background-repeat":"repeat","background-position":"center center","background-size":"auto","background-attachment":"scroll","background-type":"","background-media":"","overlay-type":"","overlay-color":"","overlay-opacity":"","overlay-gradient":""},"tablet":{"background-color":"var(--ast-global-color-5)","background-image":"","background-repeat":"repeat","background-position":"center center","background-size":"auto","background-attachment":"scroll","background-type":"","background-media":"","overlay-type":"","overlay-color":"","overlay-opacity":"","overlay-gradient":""},"mobile":{"background-color":"var(--ast-global-color-5)","background-image":"","background-repeat":"repeat","background-position":"center center","background-size":"auto","background-attachment":"scroll","background-type":"","background-media":"","overlay-type":"","overlay-color":"","overlay-opacity":"","overlay-gradient":""}},"_vp_format_video_url":"","_vp_image_focal_point":[],"footnotes":""},"class_list":["post-3","page","type-page","status-publish","hentry"],"yoast_head":"<!-- This site is optimized with the Yoast SEO plugin v25.9 - https:\/\/yoast.com\/wordpress\/plugins\/seo\/ -->\n<title>Privacy policy - Aitenea Biotech<\/title>\n<meta name=\"robots\" content=\"noindex, follow\" \/>\n<meta property=\"og:locale\" content=\"es_ES\" \/>\n<meta property=\"og:type\" content=\"article\" \/>\n<meta property=\"og:title\" content=\"Privacy policy - Aitenea Biotech\" \/>\n<meta property=\"og:description\" content=\"Pol\u00edtica de privacidad 1.- Introducci\u00f3n y definici\u00f3n de&nbsp;Aitenea Biotech, S.L.: El derecho a la intimidad, y en concreto el derecho [&hellip;]\" \/>\n<meta property=\"og:url\" content=\"https:\/\/aitenea.com\/es\/privacy-policy\/\" \/>\n<meta property=\"og:site_name\" content=\"Aitenea Biotech\" \/>\n<meta property=\"article:modified_time\" content=\"2024-11-06T15:50:42+00:00\" \/>\n<meta name=\"twitter:card\" content=\"summary_large_image\" \/>\n<meta name=\"twitter:label1\" content=\"Tiempo de lectura\" \/>\n\t<meta name=\"twitter:data1\" content=\"10 minutos\" \/>\n<script type=\"application\/ld+json\" class=\"yoast-schema-graph\">{\"@context\":\"https:\/\/schema.org\",\"@graph\":[{\"@type\":\"WebPage\",\"@id\":\"https:\/\/aitenea.com\/privacy-policy\/\",\"url\":\"https:\/\/aitenea.com\/privacy-policy\/\",\"name\":\"Privacy policy - Aitenea Biotech\",\"isPartOf\":{\"@id\":\"https:\/\/aitenea.com\/#website\"},\"datePublished\":\"2024-10-01T09:51:01+00:00\",\"dateModified\":\"2024-11-06T15:50:42+00:00\",\"breadcrumb\":{\"@id\":\"https:\/\/aitenea.com\/privacy-policy\/#breadcrumb\"},\"inLanguage\":\"es\",\"potentialAction\":[{\"@type\":\"ReadAction\",\"target\":[\"https:\/\/aitenea.com\/privacy-policy\/\"]}]},{\"@type\":\"BreadcrumbList\",\"@id\":\"https:\/\/aitenea.com\/privacy-policy\/#breadcrumb\",\"itemListElement\":[{\"@type\":\"ListItem\",\"position\":1,\"name\":\"Portada\",\"item\":\"https:\/\/aitenea.com\/\"},{\"@type\":\"ListItem\",\"position\":2,\"name\":\"Privacy policy\"}]},{\"@type\":\"WebSite\",\"@id\":\"https:\/\/aitenea.com\/#website\",\"url\":\"https:\/\/aitenea.com\/\",\"name\":\"AItenea Biotech\",\"description\":\"\",\"publisher\":{\"@id\":\"https:\/\/aitenea.com\/#organization\"},\"potentialAction\":[{\"@type\":\"SearchAction\",\"target\":{\"@type\":\"EntryPoint\",\"urlTemplate\":\"https:\/\/aitenea.com\/?s={search_term_string}\"},\"query-input\":{\"@type\":\"PropertyValueSpecification\",\"valueRequired\":true,\"valueName\":\"search_term_string\"}}],\"inLanguage\":\"es\"},{\"@type\":\"Organization\",\"@id\":\"https:\/\/aitenea.com\/#organization\",\"name\":\"AItenea Biotech\",\"url\":\"https:\/\/aitenea.com\/\",\"logo\":{\"@type\":\"ImageObject\",\"inLanguage\":\"es\",\"@id\":\"https:\/\/aitenea.com\/#\/schema\/logo\/image\/\",\"url\":\"https:\/\/aitenea.com\/wp-content\/uploads\/AItenea-Logo.png\",\"contentUrl\":\"https:\/\/aitenea.com\/wp-content\/uploads\/AItenea-Logo.png\",\"width\":2328,\"height\":704,\"caption\":\"AItenea Biotech\"},\"image\":{\"@id\":\"https:\/\/aitenea.com\/#\/schema\/logo\/image\/\"},\"sameAs\":[\"https:\/\/www.linkedin.com\/company\/aitenea-biotech\/?trk=ppro_cprof&originalSubdomain=es\"]}]}<\/script>\n<!-- \/ Yoast SEO plugin. -->","yoast_head_json":{"title":"Privacy policy - Aitenea Biotech","robots":{"index":"noindex","follow":"follow"},"og_locale":"es_ES","og_type":"article","og_title":"Privacy policy - Aitenea Biotech","og_description":"Pol\u00edtica de privacidad 1.- Introducci\u00f3n y definici\u00f3n de&nbsp;Aitenea Biotech, S.L.: El derecho a la intimidad, y en concreto el derecho [&hellip;]","og_url":"https:\/\/aitenea.com\/es\/privacy-policy\/","og_site_name":"Aitenea Biotech","article_modified_time":"2024-11-06T15:50:42+00:00","twitter_card":"summary_large_image","twitter_misc":{"Tiempo de lectura":"10 minutos"},"schema":{"@context":"https:\/\/schema.org","@graph":[{"@type":"WebPage","@id":"https:\/\/aitenea.com\/privacy-policy\/","url":"https:\/\/aitenea.com\/privacy-policy\/","name":"Privacy policy - Aitenea Biotech","isPartOf":{"@id":"https:\/\/aitenea.com\/#website"},"datePublished":"2024-10-01T09:51:01+00:00","dateModified":"2024-11-06T15:50:42+00:00","breadcrumb":{"@id":"https:\/\/aitenea.com\/privacy-policy\/#breadcrumb"},"inLanguage":"es","potentialAction":[{"@type":"ReadAction","target":["https:\/\/aitenea.com\/privacy-policy\/"]}]},{"@type":"BreadcrumbList","@id":"https:\/\/aitenea.com\/privacy-policy\/#breadcrumb","itemListElement":[{"@type":"ListItem","position":1,"name":"Portada","item":"https:\/\/aitenea.com\/"},{"@type":"ListItem","position":2,"name":"Privacy policy"}]},{"@type":"WebSite","@id":"https:\/\/aitenea.com\/#website","url":"https:\/\/aitenea.com\/","name":"AItenea Biotech","description":"","publisher":{"@id":"https:\/\/aitenea.com\/#organization"},"potentialAction":[{"@type":"SearchAction","target":{"@type":"EntryPoint","urlTemplate":"https:\/\/aitenea.com\/?s={search_term_string}"},"query-input":{"@type":"PropertyValueSpecification","valueRequired":true,"valueName":"search_term_string"}}],"inLanguage":"es"},{"@type":"Organization","@id":"https:\/\/aitenea.com\/#organization","name":"AItenea Biotech","url":"https:\/\/aitenea.com\/","logo":{"@type":"ImageObject","inLanguage":"es","@id":"https:\/\/aitenea.com\/#\/schema\/logo\/image\/","url":"https:\/\/aitenea.com\/wp-content\/uploads\/AItenea-Logo.png","contentUrl":"https:\/\/aitenea.com\/wp-content\/uploads\/AItenea-Logo.png","width":2328,"height":704,"caption":"AItenea Biotech"},"image":{"@id":"https:\/\/aitenea.com\/#\/schema\/logo\/image\/"},"sameAs":["https:\/\/www.linkedin.com\/company\/aitenea-biotech\/?trk=ppro_cprof&originalSubdomain=es"]}]}},"_links":{"self":[{"href":"https:\/\/aitenea.com\/es\/wp-json\/wp\/v2\/pages\/3","targetHints":{"allow":["GET"]}}],"collection":[{"href":"https:\/\/aitenea.com\/es\/wp-json\/wp\/v2\/pages"}],"about":[{"href":"https:\/\/aitenea.com\/es\/wp-json\/wp\/v2\/types\/page"}],"author":[{"embeddable":true,"href":"https:\/\/aitenea.com\/es\/wp-json\/wp\/v2\/users\/1"}],"replies":[{"embeddable":true,"href":"https:\/\/aitenea.com\/es\/wp-json\/wp\/v2\/comments?post=3"}],"version-history":[{"count":2,"href":"https:\/\/aitenea.com\/es\/wp-json\/wp\/v2\/pages\/3\/revisions"}],"predecessor-version":[{"id":656,"href":"https:\/\/aitenea.com\/es\/wp-json\/wp\/v2\/pages\/3\/revisions\/656"}],"wp:attachment":[{"href":"https:\/\/aitenea.com\/es\/wp-json\/wp\/v2\/media?parent=3"}],"curies":[{"name":"wp","href":"https:\/\/api.w.org\/{rel}","templated":true}]}}