{"id":189,"date":"2024-10-16T15:52:24","date_gmt":"2024-10-16T13:52:24","guid":{"rendered":"https:\/\/aitenea.online\/?page_id=189"},"modified":"2024-11-06T16:44:42","modified_gmt":"2024-11-06T15:44:42","slug":"notice-legal","status":"publish","type":"page","link":"https:\/\/aitenea.com\/es\/notice-legal\/","title":{"rendered":"Aviso legal"},"content":{"rendered":"<h2 class=\"wp-block-heading\">Aviso legal<\/h2>\n\n\n\n<p>Conforme a lo dispuesto en la Ley 34\/2002, de 11 de julio, de Servicios de la Sociedad de la Informaci\u00f3n y de Comercio Electr\u00f3nico, en este documento se incluyen los t\u00e9rminos de uso y la Pol\u00edtica de Privacidad aplicable cuando accedes o usas los servicios de aitenea.com (en adelante sitio Web) en orden a describir como tratamos tu informaci\u00f3n personal, as\u00ed como de aquella informaci\u00f3n proporcionada durante el uso del sitio Web.<br><\/p>\n\n\n\n<p>Aitenea.online es un sitio Web propiedad de AITENEA BIOTECH, S.L., responsable de la aplicaci\u00f3n de dicha Pol\u00edtica. Para entender como tratamos la informaci\u00f3n que nos das cuando usas el sitio Web, deber\u00e1s leer la presente Pol\u00edtica de Privacidad, as\u00ed como peri\u00f3dicamente para conocer las modificaciones que se produzcan.<br><\/p>\n\n\n\n<p>La utilizaci\u00f3n del Sitio Web atribuye la condici\u00f3n de Usuario e implica conocer y aceptar expresamente las advertencias legales, condiciones y t\u00e9rminos de uso contenidos en el mismo, as\u00ed como aceptar de forma expresa y sin excepciones que el acceso y el uso del Sitio Web, de sus servicios y contenidos se realiza bajo tu \u00fanica y exclusiva responsabilidad.<br><\/p>\n\n\n\n<p>Si tienes alguna pregunta, no dudes en ponerte en contacto con nosotros a trav\u00e9s de nuestro sitio Web o de la direcci\u00f3n siguiente:<br><strong>AITENEA BIOTECH, S.L. \u2013 B01658178<\/strong><br><strong>c\/. Alfonso XII, 46, 6\u00ba Izq.<\/strong><br><strong>28014 \u00b7 Madrid<\/strong><br><strong>Espa\u00f1a<\/strong><br><strong><a href=\"mailto:info@aitenea.com\">info@aitenea.com<\/a><\/strong><strong><\/strong><\/p>\n\n\n\n<p><strong>T\u00e9rminos y Condiciones de uso<\/strong><br><\/p>\n\n\n\n<p>A trav\u00e9s del sitio Web, AITENEA BIOTECH, S.L. ofrece informaci\u00f3n de distintos productos propios y de terceros para su venta al por mayor y al por menor a personas mayores de edad.<br><\/p>\n\n\n\n<p>Los contenidos ofrecidos en el sitio Web son propiedad de AITENEA BIOTECH, S.L. o de terceras personas. AITENEA BIOTECH, S.L. no garantiza, ni directa ni indirectamente, la veracidad, fiabilidad, precisi\u00f3n, oportunidad o conveniencia del contenido ofrecido por terceros ni de cualquier informaci\u00f3n sobre productos o servicios ofrecidos por \u00e9stos para el uso que hagan los Usuarios o cualquier otra persona.<br><\/p>\n\n\n\n<p>El mero acceso a este Sitio Web no supone entablar ning\u00fan tipo de relaci\u00f3n de car\u00e1cter comercial entre AITENEA BIOTECH, S.L. y el Usuario. La informaci\u00f3n que se difunde por este medio se hace \u00fanicamente a t\u00edtulo informativo, reserv\u00e1ndose AITENEA BIOTECH, S.L. el derecho a eliminar o suspender su difusi\u00f3n, total o parcialmente, y a modificar la estructura y contenido de este Sitio Web sin aviso previo, pudiendo incluso limitar o no permitir el acceso a dicha informaci\u00f3n.<br><\/p>\n\n\n\n<p>Asimismo, AITENEA BIOTECH, S.L. se reserva la facultad de modificar unilateralmente las condiciones y t\u00e9rminos de uso de este Sitio Web. La entrada en vigor de cualesquiera modificaciones de las condiciones de uso se producir\u00e1 desde el momento de su modificaci\u00f3n y publicaci\u00f3n en este Sitio Web.<br><\/p>\n\n\n\n<p>El acceso, navegaci\u00f3n y uso del Sitio Web es responsabilidad del Usuario, por lo que el mismo se compromete a observar diligente y fielmente cualquier instrucci\u00f3n adicional impartida por AITENEA BIOTECH, S.L. o por personal autorizado de \u00e9sta en relaci\u00f3n con el uso del Sitio Web y de sus contenidos. Por tanto, el Usuario se obliga a usar los contenidos de forma diligente, correcta y l\u00edcita.<\/p>\n\n\n\n<p><strong>1- ACCESO A LA P\u00c1GINA WEB<\/strong><br>Las condiciones de acceso a esta p\u00e1gina web son las que se especifican a continuaci\u00f3n. Se permite el acceso libre y gratuito a toda la informaci\u00f3n que se contiene en el sitio web. Existe una zona reservada para los clientes que puede ser utilizada por clientes registrados o por usuarios que accedan como invitados. Para esta zona reservada, el usuario deber\u00e1 aceptar las condiciones de contrataci\u00f3n que en \u00e9l se establecen.<\/p>\n\n\n\n<p><strong>2- MODIFICACIONES DE LA P\u00c1GINA E INTERRUPCIONES O ERRORES EN EL ACCESO<\/strong><br>AITENEA BIOTECH, S.L. se reserva la facultad de efectuar, en cualquier momento y sin necesidad de previo aviso, modificaciones y actualizaciones de la informaci\u00f3n contenida en la p\u00e1gina web, de la configuraci\u00f3n y presentaci\u00f3n de \u00e9sta y de las condiciones de acceso.<br>De igual modo, AITENEA BIOTECH, S.L. no garantiza en ning\u00fan caso la disponibilidad y continuidad del funcionamiento de la p\u00e1gina web y de los servicios, que pueden sufrir interrupciones por causas ajenas a la empresa. En la medida en que sea posible se advertir\u00e1, con antelaci\u00f3n, de cualquier tipo de interrupci\u00f3n en el funcionamiento que pueda sufrir la p\u00e1gina web. AITENEA BIOTECH, S.L. se exime de cualquier responsabilidad por los da\u00f1os y perjuicios que la falta de disponibilidad de la p\u00e1gina web pueda causar a sus usuarios o clientes.<\/p>\n\n\n\n<p><strong>3- CL\u00c1USULA DE PROPIEDAD INTELECTUAL E INDUSTRIAL<\/strong><br>Corresponden a AITENEA BIOTECH, S.L. los derechos de autor referentes a esta p\u00e1gina web y a todo su contenido, ya sean im\u00e1genes, textos o datos. Cualquier acto de distribuci\u00f3n o comunicaci\u00f3n p\u00fablica, reproducci\u00f3n o almacenamiento total o parcial, debe realizarse con el previo consentimiento de los responsables de la empresa. Todo este material est\u00e1 protegido por la legislaci\u00f3n de la propiedad intelectual y su uso indebido puede ser objeto de sanciones.<br>La consulta o descarga de contenidos de la p\u00e1gina no implicar\u00e1 la cesi\u00f3n de ning\u00fan derecho de propiedad intelectual o industrial sobre los mismos.<\/p>\n\n\n\n<p><strong>4- VIGENCIA DE LAS CONDICIONES DE USO<\/strong><br>Las presentes condiciones de uso del portal AITENEA BIOTECH, S.L. se entender\u00e1n vigentes en tanto permanezcan disponibles en el portal. AITENEA BIOTECH, S.L. se reserva el derecho de modificarlas y adecuarlas a cambios normativos o de estructura y servicios del portal y el usuario se compromete a revisarlas para conocerlas cuando haga uso de los servicios que ofrece AITENEA BIOTECH, S.L.. En este sentido, se entiende que el usuario que contin\u00fae utilizando los servicios del portal despu\u00e9s de la modificaci\u00f3n de las condiciones, acepta las mismas y queda sometido a ellas. Las condiciones de uso estar\u00e1n siempre a disposici\u00f3n del usuario indicando la fecha de su \u00faltima actualizaci\u00f3n.<\/p>\n\n\n\n<p><strong>5- COMUNICACIONES COMERCIALES Y EMPLEO DE COOKIES<\/strong><br>En este sitio web se utilizan cookies durante la navegaci\u00f3n a efectos de poder facilitar a los usuarios el tr\u00e1nsito por el portal y almacenando datos de cada sesi\u00f3n para ofrecer un mejor servicio a los clientes registrados.<br>Tal y como se indica, en los formularios de recogida de datos de la web, el usuario que haya prestado su consentimiento expreso, recibir\u00e1 comunicaciones comerciales por medios electr\u00f3nicos, relacionadas con los productos ofrecidos por AITENEA BIOTECH, S.L.. El usuario podr\u00e1 oponerse al env\u00edo de comunicaciones comerciales, en cualquier momento, bien escribiendo a&nbsp;<a href=\"mailto:info@aitenea.com\">info@aitenea.com<\/a>, o bien en la forma que se especifique en cada una de las comunicaciones comerciales que reciba.<\/p>\n\n\n\n<p><strong>6- POL\u00cdTICA DE PRIVACIDAD Y PROTECCI\u00d3N DE DATOS PERSONALES<\/strong><br>Los datos personales que se recogen a trav\u00e9s de esta p\u00e1gina web son tratados de conformidad con las exigencias de la Ley Org\u00e1nica 15\/1999, de 13 de diciembre, de Protecci\u00f3n de Datos de Car\u00e1cter Personal y en todo caso, en la forma que en cada formulario de recogida de datos se especifica.<br>El usuario que se registra en este portal web queda informado de que sus datos personales van a pasar a formar parte de un fichero del que es responsable AITENEA BIOTECH, S.L. y que tiene por finalidad gestionar las relaciones con los clientes de la tienda online de la empresa.<br>Este fichero consta debidamente inscrito en el Registro General de Protecci\u00f3n de datos de la Agencia Espa\u00f1ola de Protecci\u00f3n de Datos y el usuario podr\u00e1 ejercitar sus derechos de acceso, rectificaci\u00f3n, cancelaci\u00f3n y oposici\u00f3n enviando un escrito, al que deber\u00e1 adjuntar fotocopia de su DNI, a c\/. Alfonso XII, 46, 6\u00ba Izq. 28014 \u00b7 Madrid [Espa\u00f1a].<br>El usuario se hace responsable de la veracidad de los datos que nos facilite y AITENEA BIOTECH, S.L. garantiza que los datos de los usuarios no van a ser vendidos, ni cedidos a un tercero sin el previo consentimiento del interesado.<\/p>","protected":false},"excerpt":{"rendered":"<p>Aviso legal Conforme a lo dispuesto en la Ley 34\/2002, de 11 de julio, de Servicios de la Sociedad de [&hellip;]<\/p>","protected":false},"author":1,"featured_media":0,"parent":0,"menu_order":0,"comment_status":"closed","ping_status":"closed","template":"","meta":{"site-sidebar-layout":"default","site-content-layout":"","ast-site-content-layout":"default","site-content-style":"default","site-sidebar-style":"default","ast-global-header-display":"","ast-banner-title-visibility":"","ast-main-header-display":"","ast-hfb-above-header-display":"","ast-hfb-below-header-display":"","ast-hfb-mobile-header-display":"","site-post-title":"","ast-breadcrumbs-content":"","ast-featured-img":"","footer-sml-layout":"","theme-transparent-header-meta":"","adv-header-id-meta":"","stick-header-meta":"","header-above-stick-meta":"","header-main-stick-meta":"","header-below-stick-meta":"","astra-migrate-meta-layouts":"default","ast-page-background-enabled":"default","ast-page-background-meta":{"desktop":{"background-color":"var(--ast-global-color-4)","background-image":"","background-repeat":"repeat","background-position":"center center","background-size":"auto","background-attachment":"scroll","background-type":"","background-media":"","overlay-type":"","overlay-color":"","overlay-opacity":"","overlay-gradient":""},"tablet":{"background-color":"","background-image":"","background-repeat":"repeat","background-position":"center center","background-size":"auto","background-attachment":"scroll","background-type":"","background-media":"","overlay-type":"","overlay-color":"","overlay-opacity":"","overlay-gradient":""},"mobile":{"background-color":"","background-image":"","background-repeat":"repeat","background-position":"center center","background-size":"auto","background-attachment":"scroll","background-type":"","background-media":"","overlay-type":"","overlay-color":"","overlay-opacity":"","overlay-gradient":""}},"ast-content-background-meta":{"desktop":{"background-color":"var(--ast-global-color-5)","background-image":"","background-repeat":"repeat","background-position":"center center","background-size":"auto","background-attachment":"scroll","background-type":"","background-media":"","overlay-type":"","overlay-color":"","overlay-opacity":"","overlay-gradient":""},"tablet":{"background-color":"var(--ast-global-color-5)","background-image":"","background-repeat":"repeat","background-position":"center center","background-size":"auto","background-attachment":"scroll","background-type":"","background-media":"","overlay-type":"","overlay-color":"","overlay-opacity":"","overlay-gradient":""},"mobile":{"background-color":"var(--ast-global-color-5)","background-image":"","background-repeat":"repeat","background-position":"center center","background-size":"auto","background-attachment":"scroll","background-type":"","background-media":"","overlay-type":"","overlay-color":"","overlay-opacity":"","overlay-gradient":""}},"_vp_format_video_url":"","_vp_image_focal_point":[],"footnotes":""},"class_list":["post-189","page","type-page","status-publish","hentry"],"yoast_head":"<!-- This site is optimized with the Yoast SEO plugin v25.9 - https:\/\/yoast.com\/wordpress\/plugins\/seo\/ -->\n<title>Notice legal - Aitenea Biotech<\/title>\n<meta name=\"robots\" content=\"noindex, follow\" \/>\n<meta property=\"og:locale\" content=\"es_ES\" \/>\n<meta property=\"og:type\" content=\"article\" \/>\n<meta property=\"og:title\" content=\"Notice legal - Aitenea Biotech\" \/>\n<meta property=\"og:description\" content=\"Aviso legal Conforme a lo dispuesto en la Ley 34\/2002, de 11 de julio, de Servicios de la Sociedad de [&hellip;]\" \/>\n<meta property=\"og:url\" content=\"https:\/\/aitenea.com\/es\/notice-legal\/\" \/>\n<meta property=\"og:site_name\" content=\"Aitenea Biotech\" \/>\n<meta property=\"article:modified_time\" content=\"2024-11-06T15:44:42+00:00\" \/>\n<meta name=\"twitter:card\" content=\"summary_large_image\" \/>\n<meta name=\"twitter:label1\" content=\"Tiempo de lectura\" \/>\n\t<meta name=\"twitter:data1\" content=\"6 minutos\" \/>\n<script type=\"application\/ld+json\" class=\"yoast-schema-graph\">{\"@context\":\"https:\/\/schema.org\",\"@graph\":[{\"@type\":\"WebPage\",\"@id\":\"https:\/\/aitenea.com\/notice-legal\/\",\"url\":\"https:\/\/aitenea.com\/notice-legal\/\",\"name\":\"Notice legal - Aitenea Biotech\",\"isPartOf\":{\"@id\":\"https:\/\/aitenea.com\/#website\"},\"datePublished\":\"2024-10-16T13:52:24+00:00\",\"dateModified\":\"2024-11-06T15:44:42+00:00\",\"breadcrumb\":{\"@id\":\"https:\/\/aitenea.com\/notice-legal\/#breadcrumb\"},\"inLanguage\":\"es\",\"potentialAction\":[{\"@type\":\"ReadAction\",\"target\":[\"https:\/\/aitenea.com\/notice-legal\/\"]}]},{\"@type\":\"BreadcrumbList\",\"@id\":\"https:\/\/aitenea.com\/notice-legal\/#breadcrumb\",\"itemListElement\":[{\"@type\":\"ListItem\",\"position\":1,\"name\":\"Portada\",\"item\":\"https:\/\/aitenea.com\/\"},{\"@type\":\"ListItem\",\"position\":2,\"name\":\"Notice legal\"}]},{\"@type\":\"WebSite\",\"@id\":\"https:\/\/aitenea.com\/#website\",\"url\":\"https:\/\/aitenea.com\/\",\"name\":\"AItenea Biotech\",\"description\":\"\",\"publisher\":{\"@id\":\"https:\/\/aitenea.com\/#organization\"},\"potentialAction\":[{\"@type\":\"SearchAction\",\"target\":{\"@type\":\"EntryPoint\",\"urlTemplate\":\"https:\/\/aitenea.com\/?s={search_term_string}\"},\"query-input\":{\"@type\":\"PropertyValueSpecification\",\"valueRequired\":true,\"valueName\":\"search_term_string\"}}],\"inLanguage\":\"es\"},{\"@type\":\"Organization\",\"@id\":\"https:\/\/aitenea.com\/#organization\",\"name\":\"AItenea Biotech\",\"url\":\"https:\/\/aitenea.com\/\",\"logo\":{\"@type\":\"ImageObject\",\"inLanguage\":\"es\",\"@id\":\"https:\/\/aitenea.com\/#\/schema\/logo\/image\/\",\"url\":\"https:\/\/aitenea.com\/wp-content\/uploads\/AItenea-Logo.png\",\"contentUrl\":\"https:\/\/aitenea.com\/wp-content\/uploads\/AItenea-Logo.png\",\"width\":2328,\"height\":704,\"caption\":\"AItenea Biotech\"},\"image\":{\"@id\":\"https:\/\/aitenea.com\/#\/schema\/logo\/image\/\"},\"sameAs\":[\"https:\/\/www.linkedin.com\/company\/aitenea-biotech\/?trk=ppro_cprof&originalSubdomain=es\"]}]}<\/script>\n<!-- \/ Yoast SEO plugin. -->","yoast_head_json":{"title":"Notice legal - Aitenea Biotech","robots":{"index":"noindex","follow":"follow"},"og_locale":"es_ES","og_type":"article","og_title":"Notice legal - Aitenea Biotech","og_description":"Aviso legal Conforme a lo dispuesto en la Ley 34\/2002, de 11 de julio, de Servicios de la Sociedad de [&hellip;]","og_url":"https:\/\/aitenea.com\/es\/notice-legal\/","og_site_name":"Aitenea Biotech","article_modified_time":"2024-11-06T15:44:42+00:00","twitter_card":"summary_large_image","twitter_misc":{"Tiempo de lectura":"6 minutos"},"schema":{"@context":"https:\/\/schema.org","@graph":[{"@type":"WebPage","@id":"https:\/\/aitenea.com\/notice-legal\/","url":"https:\/\/aitenea.com\/notice-legal\/","name":"Notice legal - Aitenea Biotech","isPartOf":{"@id":"https:\/\/aitenea.com\/#website"},"datePublished":"2024-10-16T13:52:24+00:00","dateModified":"2024-11-06T15:44:42+00:00","breadcrumb":{"@id":"https:\/\/aitenea.com\/notice-legal\/#breadcrumb"},"inLanguage":"es","potentialAction":[{"@type":"ReadAction","target":["https:\/\/aitenea.com\/notice-legal\/"]}]},{"@type":"BreadcrumbList","@id":"https:\/\/aitenea.com\/notice-legal\/#breadcrumb","itemListElement":[{"@type":"ListItem","position":1,"name":"Portada","item":"https:\/\/aitenea.com\/"},{"@type":"ListItem","position":2,"name":"Notice legal"}]},{"@type":"WebSite","@id":"https:\/\/aitenea.com\/#website","url":"https:\/\/aitenea.com\/","name":"AItenea Biotech","description":"","publisher":{"@id":"https:\/\/aitenea.com\/#organization"},"potentialAction":[{"@type":"SearchAction","target":{"@type":"EntryPoint","urlTemplate":"https:\/\/aitenea.com\/?s={search_term_string}"},"query-input":{"@type":"PropertyValueSpecification","valueRequired":true,"valueName":"search_term_string"}}],"inLanguage":"es"},{"@type":"Organization","@id":"https:\/\/aitenea.com\/#organization","name":"AItenea Biotech","url":"https:\/\/aitenea.com\/","logo":{"@type":"ImageObject","inLanguage":"es","@id":"https:\/\/aitenea.com\/#\/schema\/logo\/image\/","url":"https:\/\/aitenea.com\/wp-content\/uploads\/AItenea-Logo.png","contentUrl":"https:\/\/aitenea.com\/wp-content\/uploads\/AItenea-Logo.png","width":2328,"height":704,"caption":"AItenea Biotech"},"image":{"@id":"https:\/\/aitenea.com\/#\/schema\/logo\/image\/"},"sameAs":["https:\/\/www.linkedin.com\/company\/aitenea-biotech\/?trk=ppro_cprof&originalSubdomain=es"]}]}},"_links":{"self":[{"href":"https:\/\/aitenea.com\/es\/wp-json\/wp\/v2\/pages\/189","targetHints":{"allow":["GET"]}}],"collection":[{"href":"https:\/\/aitenea.com\/es\/wp-json\/wp\/v2\/pages"}],"about":[{"href":"https:\/\/aitenea.com\/es\/wp-json\/wp\/v2\/types\/page"}],"author":[{"embeddable":true,"href":"https:\/\/aitenea.com\/es\/wp-json\/wp\/v2\/users\/1"}],"replies":[{"embeddable":true,"href":"https:\/\/aitenea.com\/es\/wp-json\/wp\/v2\/comments?post=189"}],"version-history":[{"count":2,"href":"https:\/\/aitenea.com\/es\/wp-json\/wp\/v2\/pages\/189\/revisions"}],"predecessor-version":[{"id":654,"href":"https:\/\/aitenea.com\/es\/wp-json\/wp\/v2\/pages\/189\/revisions\/654"}],"wp:attachment":[{"href":"https:\/\/aitenea.com\/es\/wp-json\/wp\/v2\/media?parent=189"}],"curies":[{"name":"wp","href":"https:\/\/api.w.org\/{rel}","templated":true}]}}