{"id":170,"date":"2024-10-16T15:42:45","date_gmt":"2024-10-16T13:42:45","guid":{"rendered":"https:\/\/aitenea.online\/?page_id=170"},"modified":"2024-12-04T22:42:58","modified_gmt":"2024-12-04T21:42:58","slug":"jobs","status":"publish","type":"page","link":"https:\/\/aitenea.com\/es\/jobs\/","title":{"rendered":"Empleo"},"content":{"rendered":"<div data-elementor-type=\"wp-page\" data-elementor-id=\"170\" class=\"elementor elementor-170\" data-elementor-post-type=\"page\">\n\t\t\t\t<div class=\"elementor-element elementor-element-1064c68 e-flex e-con-boxed e-con e-parent\" data-id=\"1064c68\" data-element_type=\"container\">\n\t\t\t\t\t<div class=\"e-con-inner\">\n\t\t\t\t<div class=\"elementor-element elementor-element-381720b elementor-widget elementor-widget-heading\" data-id=\"381720b\" data-element_type=\"widget\" data-widget_type=\"heading.default\">\n\t\t\t\t<div class=\"elementor-widget-container\">\n\t\t\t\t\t<h1 class=\"elementor-heading-title elementor-size-default\">Da el primer paso hacia tu pr\u00f3ximo trabajo<\/h1>\t\t\t\t<\/div>\n\t\t\t\t<\/div>\n\t\t\t\t\t<\/div>\n\t\t\t\t<\/div>\n\t\t<div class=\"elementor-element elementor-element-7002184 e-flex e-con-boxed e-con e-parent\" data-id=\"7002184\" data-element_type=\"container\">\n\t\t\t\t\t<div class=\"e-con-inner\">\n\t\t<div class=\"elementor-element elementor-element-3d83211 e-con-full e-flex e-con e-child\" data-id=\"3d83211\" data-element_type=\"container\" data-settings=\"{&quot;background_background&quot;:&quot;gradient&quot;}\">\n\t\t\t\t<div class=\"elementor-element elementor-element-8bbeb21 elementor-widget elementor-widget-heading\" data-id=\"8bbeb21\" data-element_type=\"widget\" data-widget_type=\"heading.default\">\n\t\t\t\t<div class=\"elementor-widget-container\">\n\t\t\t\t\t<h2 class=\"elementor-heading-title elementor-size-default\">Ingeniero de Machine Learning para dise\u00f1o y optimizaci\u00f3n molecular<\/h2>\t\t\t\t<\/div>\n\t\t\t\t<\/div>\n\t\t\t\t<div class=\"elementor-element elementor-element-07b46d6 elementor-widget elementor-widget-text-editor\" data-id=\"07b46d6\" data-element_type=\"widget\" data-widget_type=\"text-editor.default\">\n\t\t\t\t<div class=\"elementor-widget-container\">\n\t\t\t\t\t\t\t\t\t<p>Aitenea Biotech es una empresa de biotecnolog\u00eda que surgi\u00f3 como spin-off del CSIC (Consejo Superior de Investigaciones Cient\u00edficas). Nuestro equipo est\u00e1 formado por un grupo diverso de profesionales con gran experiencia en el campo de la investigaci\u00f3n y el desarrollo, apasionados por superar los l\u00edmites de la innovaci\u00f3n<br \/>en la intersecci\u00f3n de los campos de la <strong>inteligencia artificial, la qu\u00edmica y la biotecnolog\u00eda<\/strong>. En Aitenea, estamos comprometidos con aprovechar el poder de la inteligencia artificial para revolucionar el dise\u00f1o y el desarrollo de compuestos qu\u00edmicos en diversos dominios.<\/p><p>Combinamos nuestra experiencia en algoritmos de aprendizaje autom\u00e1tico y profundo con las \u00faltimas t\u00e9cnicas de s\u00edntesis org\u00e1nica para participar en un ciclo de retroalimentaci\u00f3n virtuoso que nos permite <strong>acelerar la innovaci\u00f3n<\/strong> y superar los l\u00edmites de lo posible en el dise\u00f1o molecular.<\/p><p>Creemos que al integrar t\u00e9cnicas de aprendizaje profundo y autom\u00e1tico de \u00faltima generaci\u00f3n en el proceso de dise\u00f1o molecular, podemos crear productos efectivos y sostenibles que dar\u00e1n forma al futuro.<\/p><p><strong>\u00bfQu\u00e9 estamos buscando?<\/strong><br \/>Buscamos una persona talentosa con un <strong>doctorado en matem\u00e1ticas, inform\u00e1tica, f\u00edsica o un campo relacionado<\/strong>. Si est\u00e1 ansioso por contribuir a proyectos de investigaci\u00f3n intensiva y tiene un gran inter\u00e9s en desarrollar soluciones innovadoras, nos gustar\u00eda saber de usted.<\/p><p><strong>Tu rol:<\/strong><\/p><p>Su misi\u00f3n implicar\u00e1 aprovechar m\u00e9todos de aprendizaje autom\u00e1tico, incluidos m\u00e9todos probabil\u00edsticos y aprendizaje profundo, para liberar el potencial del dise\u00f1o molecular en reg\u00edmenes, generalmente, con pocos datos.<br \/>Su trabajo tendr\u00e1 aplicaciones de amplio alcance en los campos del descubrimiento de sustancias qu\u00edmicas y f\u00e1rmacos y el desarrollo de materiales.<\/p><p><strong>Valoramos:<\/strong><br \/>\u25cf S\u00f3lida formaci\u00f3n en <strong>Estad\u00edstica<\/strong> y <strong>Machine Learning<\/strong><br \/>\u25cf Demostrar competencia en <strong>Python<\/strong> y\/o <strong>R<\/strong> programaci\u00f3n<br \/>\u25cf Experiencia con frameworks Deep Learning como <strong>Pytorch<\/strong> o <strong>Tensorflow<\/strong><br \/>\u25cf Capacidad para mantenerse al d\u00eda con las \u00faltimas tendencias de investigaci\u00f3n y tecnolog\u00edas emergentes<br \/>\u25cf S\u00f3lidas habilidades anal\u00edticas y pasi\u00f3n por abordar desaf\u00edos complejos del mundo real<br \/>\u25cf Entusiasmo por trabajar en un equipo interdisciplinario, contribuyendo y aprendiendo de sus pares<\/p><p><strong>Bueno tener:<\/strong><br \/>Estas son algunas de las tecnolog\u00edas que utilizamos habitualmente. No te preocupes si no est\u00e1s familiarizado con algunas de ellas: la falta de experiencia no es un impedimento para postularte. Tendr\u00e1s oportunidades de aprender y trabajar con estas herramientas como parte del puesto.<\/p><p><br \/>\u25cf Conocimientos b\u00e1sicos de qu\u00edmica y herramientas de quimioinform\u00e1tica. Utilizamos bibliotecas como RDKit y OpenBabel. No te preocupes por no ser un experto en estos campos, te proporcionaremos una formaci\u00f3n integral para dominar estas herramientas<br \/>\u25cf Conocimientos b\u00e1sicos de computaci\u00f3n en la nube y AWS<br \/>\u25cf Conocimiento de Docker para crear e implementar aplicaciones en contenedores<br \/>\u25cf Conocimientos b\u00e1sicos de tecnolog\u00edas de backend, API REST y el marco FastAPI<br \/>\u25cf Conocimiento de SQL y gesti\u00f3n de datos para consultas y an\u00e1lisis eficientes<br \/>\u25cf Experiencia con control de versiones con Git para desarrollo colaborativo y gesti\u00f3n de c\u00f3digo<\/p><p><strong>\u00bfQu\u00e9 podemos ofrecerte a cambio?<\/strong><br \/>\u25cf Un entorno de trabajo atractivo y din\u00e1mico, donde se celebra la innovaci\u00f3n y el alto rendimiento<br \/>\u25cf La oportunidad de colaborar estrechamente con nuestro equipo de gesti\u00f3n, aprendiendo de su experiencia y contribuyendo a proyectos innovadores<br \/>\u25cf Horarios de trabajo flexibles que te permitan lograr un equilibrio saludable entre el trabajo y la vida personal, con el beneficio adicional de las opciones de trabajo remoto<\/p><p>Los candidatos interesados \u200b\u200bdeber\u00e1n enviar su CV a <a href=\"mailto:nuria.campillo@aitenea.es\">nuria.campillo@aitenea.es<\/a><\/p>\t\t\t\t\t\t\t\t<\/div>\n\t\t\t\t<\/div>\n\t\t\t\t<\/div>\n\t\t\t\t\t<\/div>\n\t\t\t\t<\/div>\n\t\t<div class=\"elementor-element elementor-element-b88f0f6 e-flex e-con-boxed e-con e-parent\" data-id=\"b88f0f6\" data-element_type=\"container\">\n\t\t\t\t\t<div class=\"e-con-inner\">\n\t\t\t\t<div class=\"elementor-element elementor-element-d154f4a elementor-widget elementor-widget-heading\" data-id=\"d154f4a\" data-element_type=\"widget\" data-widget_type=\"heading.default\">\n\t\t\t\t<div class=\"elementor-widget-container\">\n\t\t\t\t\t<h2 class=\"elementor-heading-title elementor-size-default\">C\u00f3mo aplicar<\/h2>\t\t\t\t<\/div>\n\t\t\t\t<\/div>\n\t\t\t\t\t<\/div>\n\t\t\t\t<\/div>\n\t\t<div class=\"elementor-element elementor-element-091ee61 e-con-full e-flex e-con e-parent\" data-id=\"091ee61\" data-element_type=\"container\" data-settings=\"{&quot;background_background&quot;:&quot;gradient&quot;}\">\n\t\t\t\t<div class=\"elementor-element elementor-element-fba1329 elementor-widget elementor-widget-image\" data-id=\"fba1329\" data-element_type=\"widget\" data-widget_type=\"image.default\">\n\t\t\t\t<div class=\"elementor-widget-container\">\n\t\t\t\t\t\t\t\t\t\t\t\t\t\t\t<img fetchpriority=\"high\" decoding=\"async\" width=\"1024\" height=\"350\" src=\"https:\/\/aitenea.com\/wp-content\/uploads\/logo-aitenea-blanco-1024x350.png\" class=\"attachment-large size-large wp-image-621\" alt=\"AItenea Biotech\" srcset=\"https:\/\/aitenea.com\/wp-content\/uploads\/logo-aitenea-blanco-1024x350.png 1024w, https:\/\/aitenea.com\/wp-content\/uploads\/logo-aitenea-blanco-300x103.png 300w, https:\/\/aitenea.com\/wp-content\/uploads\/logo-aitenea-blanco-768x262.png 768w, https:\/\/aitenea.com\/wp-content\/uploads\/logo-aitenea-blanco.png 1080w\" sizes=\"(max-width: 1024px) 100vw, 1024px\" title=\"Pedir demo\" \/>\t\t\t\t\t\t\t\t\t\t\t\t\t\t\t<\/div>\n\t\t\t\t<\/div>\n\t\t\t\t<div class=\"elementor-element elementor-element-5de059d elementor-widget elementor-widget-heading\" data-id=\"5de059d\" data-element_type=\"widget\" data-widget_type=\"heading.default\">\n\t\t\t\t<div class=\"elementor-widget-container\">\n\t\t\t\t\t<h2 class=\"elementor-heading-title elementor-size-default\">AItenea Biotech<\/h2>\t\t\t\t<\/div>\n\t\t\t\t<\/div>\n\t\t\t\t<div class=\"elementor-element elementor-element-20f56ec elementor-widget elementor-widget-text-editor\" data-id=\"20f56ec\" data-element_type=\"widget\" data-widget_type=\"text-editor.default\">\n\t\t\t\t<div class=\"elementor-widget-container\">\n\t\t\t\t\t\t\t\t\t\u00bfInteresado en unirte al equipo? Env\u00edanos tu curr\u00edculum y un breve mensaje con tus aspiraciones y experiencia. Siempre estamos buscando personas apasionadas y con talento que quieran crecer con nosotros. Ponte en contacto con nosotros y veremos c\u00f3mo puedes formar parte de nuestra empresa.\n\t\t\t\t\t\t\t\t<\/div>\n\t\t\t\t<\/div>\n\t\t\t\t<div class=\"elementor-element elementor-element-0237f21 elementor-widget elementor-widget-wpforms\" data-id=\"0237f21\" data-element_type=\"widget\" data-widget_type=\"wpforms.default\">\n\t\t\t\t<div class=\"elementor-widget-container\">\n\t\t\t\t\t<div class=\"wpforms-container wpforms-container-full demo-frm wpforms-render-modern\" id=\"wpforms-570\"><form id=\"wpforms-form-570\" class=\"wpforms-validate wpforms-form wpforms-ajax-form\" data-formid=\"570\" method=\"post\" enctype=\"multipart\/form-data\" action=\"\/es\/wp-json\/wp\/v2\/pages\/170\" data-token=\"d0bb854050ad6806a6d86c8337a4b546\" data-token-time=\"1775397992\" data-trp-original-action=\"\/es\/wp-json\/wp\/v2\/pages\/170\"><noscript class=\"wpforms-error-noscript\">Por favor, activa JavaScript en tu navegador para completar este formulario.<\/noscript><div id=\"wpforms-error-noscript\" style=\"display: none;\">Por favor, activa JavaScript en tu navegador para completar este formulario.<\/div><div class=\"wpforms-field-container\"><div id=\"wpforms-570-field_5-container\" class=\"wpforms-field wpforms-field-text wpforms-one-half wpforms-first\" data-field-id=\"5\"><label class=\"wpforms-field-label wpforms-label-hide\" for=\"wpforms-570-field_5\" aria-hidden=\"false\">Puesto <span class=\"wpforms-required-label\" aria-hidden=\"true\">*<\/span><\/label><input type=\"text\" id=\"wpforms-570-field_5\" class=\"wpforms-field-medium wpforms-field-required\" name=\"wpforms[fields][5]\" placeholder=\"Puesto\" aria-errormessage=\"wpforms-570-field_5-error\" required><\/div>\t\t<div id=\"wpforms-570-field_4-container\"\n\t\t\tclass=\"wpforms-field wpforms-field-text\"\n\t\t\tdata-field-type=\"text\"\n\t\t\tdata-field-id=\"4\"\n\t\t\t>\n\t\t\t<label class=\"wpforms-field-label\" for=\"wpforms-570-field_4\" >Subject Position Phone<\/label>\n\t\t\t<input type=\"text\" id=\"wpforms-570-field_4\" class=\"wpforms-field-medium\" name=\"wpforms[fields][4]\" >\n\t\t<\/div>\n\t\t<div id=\"wpforms-570-field_1-container\" class=\"wpforms-field wpforms-field-name wpforms-one-half\" data-field-id=\"1\"><label class=\"wpforms-field-label wpforms-label-hide\" for=\"wpforms-570-field_1\" aria-hidden=\"false\">Nombre <span class=\"wpforms-required-label\" aria-hidden=\"true\">*<\/span><\/label><input type=\"text\" id=\"wpforms-570-field_1\" class=\"wpforms-field-medium wpforms-field-required\" name=\"wpforms[fields][1]\" placeholder=\"Nombre\" aria-errormessage=\"wpforms-570-field_1-error\" required><\/div><div id=\"wpforms-570-field_6-container\" class=\"wpforms-field wpforms-field-number wpforms-one-half wpforms-first\" data-field-id=\"6\"><label class=\"wpforms-field-label wpforms-label-hide\" for=\"wpforms-570-field_6\" aria-hidden=\"false\">Tel\u00e9fono <span class=\"wpforms-required-label\" aria-hidden=\"true\">*<\/span><\/label><input type=\"number\" id=\"wpforms-570-field_6\" class=\"wpforms-field-medium wpforms-field-required\" name=\"wpforms[fields][6]\" placeholder=\"Tel\u00e9fono\" step=\"any\" aria-errormessage=\"wpforms-570-field_6-error\" required><\/div><div id=\"wpforms-570-field_2-container\" class=\"wpforms-field wpforms-field-email wpforms-one-half\" data-field-id=\"2\"><label class=\"wpforms-field-label wpforms-label-hide\" for=\"wpforms-570-field_2\" aria-hidden=\"false\">Email <span class=\"wpforms-required-label\" aria-hidden=\"true\">*<\/span><\/label><input type=\"email\" id=\"wpforms-570-field_2\" class=\"wpforms-field-medium wpforms-field-required\" name=\"wpforms[fields][2]\" placeholder=\"Email\" spellcheck=\"false\" aria-errormessage=\"wpforms-570-field_2-error\" required><\/div><div id=\"wpforms-570-field_3-container\" class=\"wpforms-field wpforms-field-textarea\" data-field-id=\"3\"><label class=\"wpforms-field-label wpforms-label-hide\" for=\"wpforms-570-field_3\" aria-hidden=\"false\">Asunto<\/label><textarea id=\"wpforms-570-field_3\" class=\"wpforms-field-medium\" name=\"wpforms[fields][3]\" placeholder=\"Asunto\" aria-errormessage=\"wpforms-570-field_3-error\" ><\/textarea><\/div><script>\n\t\t\t\t( function() {\n\t\t\t\t\tconst style = document.createElement( 'style' );\n\t\t\t\t\tstyle.appendChild( document.createTextNode( '#wpforms-570-field_4-container { position: absolute !important; overflow: hidden !important; display: inline !important; height: 1px !important; width: 1px !important; z-index: -1000 !important; padding: 0 !important; } #wpforms-570-field_4-container input { visibility: hidden; } #wpforms-conversational-form-page #wpforms-570-field_4-container label { counter-increment: none; }' ) );\n\t\t\t\t\tdocument.head.appendChild( style );\n\t\t\t\t\tdocument.currentScript?.remove();\n\t\t\t\t} )();\n\t\t\t<\/script><\/div><!-- .wpforms-field-container --><div class=\"wpforms-recaptcha-container wpforms-is-recaptcha wpforms-is-recaptcha-type-v3\" ><input type=\"hidden\" name=\"wpforms[recaptcha]\" value=\"\"><\/div><div class=\"wpforms-submit-container\" ><input type=\"hidden\" name=\"wpforms[id]\" value=\"570\"><input type=\"hidden\" name=\"page_title\" value=\"\"><input type=\"hidden\" name=\"page_url\" value=\"https:\/\/aitenea.com\/es\/wp-json\/wp\/v2\/pages\/170\"><input type=\"hidden\" name=\"url_referer\" value=\"\"><button type=\"submit\" name=\"wpforms[submit]\" id=\"wpforms-submit-570\" class=\"wpforms-submit btn-send\" data-alt-text=\"Sending...\" data-submit-text=\"Contact us\" aria-live=\"assertive\" value=\"wpforms-submit\">Contacto<\/button><img decoding=\"async\" src=\"https:\/\/aitenea.com\/wp-content\/plugins\/wpforms-lite\/assets\/images\/submit-spin.svg\" class=\"wpforms-submit-spinner\" style=\"display: none;\" width=\"26\" height=\"26\" alt=\"Cargando\"><\/div><input type=\"hidden\" name=\"trp-form-language\" value=\"es\"\/><\/form><\/div>  <!-- .wpforms-container -->\t\t\t\t<\/div>\n\t\t\t\t<\/div>\n\t\t\t\t<\/div>\n\t\t\t\t<\/div>","protected":false},"excerpt":{"rendered":"<p>Take the First Step Towards Your Next Job Machine Learning Engineer for Molecular Design and Optimization Aitenea Biotech is a [&hellip;]<\/p>","protected":false},"author":1,"featured_media":0,"parent":0,"menu_order":0,"comment_status":"closed","ping_status":"closed","template":"","meta":{"site-sidebar-layout":"no-sidebar","site-content-layout":"","ast-site-content-layout":"full-width-container","site-content-style":"default","site-sidebar-style":"default","ast-global-header-display":"","ast-banner-title-visibility":"","ast-main-header-display":"","ast-hfb-above-header-display":"","ast-hfb-below-header-display":"","ast-hfb-mobile-header-display":"","site-post-title":"disabled","ast-breadcrumbs-content":"","ast-featured-img":"disabled","footer-sml-layout":"","theme-transparent-header-meta":"","adv-header-id-meta":"","stick-header-meta":"","header-above-stick-meta":"","header-main-stick-meta":"","header-below-stick-meta":"","astra-migrate-meta-layouts":"default","ast-page-background-enabled":"default","ast-page-background-meta":{"desktop":{"background-color":"var(--ast-global-color-4)","background-image":"","background-repeat":"repeat","background-position":"center center","background-size":"auto","background-attachment":"scroll","background-type":"","background-media":"","overlay-type":"","overlay-color":"","overlay-opacity":"","overlay-gradient":""},"tablet":{"background-color":"","background-image":"","background-repeat":"repeat","background-position":"center center","background-size":"auto","background-attachment":"scroll","background-type":"","background-media":"","overlay-type":"","overlay-color":"","overlay-opacity":"","overlay-gradient":""},"mobile":{"background-color":"","background-image":"","background-repeat":"repeat","background-position":"center center","background-size":"auto","background-attachment":"scroll","background-type":"","background-media":"","overlay-type":"","overlay-color":"","overlay-opacity":"","overlay-gradient":""}},"ast-content-background-meta":{"desktop":{"background-color":"var(--ast-global-color-5)","background-image":"","background-repeat":"repeat","background-position":"center center","background-size":"auto","background-attachment":"scroll","background-type":"","background-media":"","overlay-type":"","overlay-color":"","overlay-opacity":"","overlay-gradient":""},"tablet":{"background-color":"var(--ast-global-color-5)","background-image":"","background-repeat":"repeat","background-position":"center center","background-size":"auto","background-attachment":"scroll","background-type":"","background-media":"","overlay-type":"","overlay-color":"","overlay-opacity":"","overlay-gradient":""},"mobile":{"background-color":"var(--ast-global-color-5)","background-image":"","background-repeat":"repeat","background-position":"center center","background-size":"auto","background-attachment":"scroll","background-type":"","background-media":"","overlay-type":"","overlay-color":"","overlay-opacity":"","overlay-gradient":""}},"_vp_format_video_url":"","_vp_image_focal_point":[],"footnotes":""},"class_list":["post-170","page","type-page","status-publish","hentry"],"yoast_head":"<!-- This site is optimized with the Yoast SEO plugin v25.9 - https:\/\/yoast.com\/wordpress\/plugins\/seo\/ -->\n<title>Jobs - Aitenea Biotech<\/title>\n<meta name=\"robots\" content=\"index, follow, max-snippet:-1, max-image-preview:large, max-video-preview:-1\" \/>\n<link rel=\"canonical\" href=\"https:\/\/aitenea.com\/es\/jobs\/\" \/>\n<meta property=\"og:locale\" content=\"es_ES\" \/>\n<meta property=\"og:type\" content=\"article\" \/>\n<meta property=\"og:title\" content=\"Jobs - Aitenea Biotech\" \/>\n<meta property=\"og:description\" content=\"Take the First Step Towards Your Next Job Machine Learning Engineer for Molecular Design and Optimization Aitenea Biotech is a [&hellip;]\" \/>\n<meta property=\"og:url\" content=\"https:\/\/aitenea.com\/es\/jobs\/\" \/>\n<meta property=\"og:site_name\" content=\"Aitenea Biotech\" \/>\n<meta property=\"article:modified_time\" content=\"2024-12-04T21:42:58+00:00\" \/>\n<meta property=\"og:image\" content=\"https:\/\/aitenea.com\/wp-content\/uploads\/logo-aitenea-blanco.png\" \/>\n\t<meta property=\"og:image:width\" content=\"1080\" \/>\n\t<meta property=\"og:image:height\" content=\"369\" \/>\n\t<meta property=\"og:image:type\" content=\"image\/png\" \/>\n<meta name=\"twitter:card\" content=\"summary_large_image\" \/>\n<meta name=\"twitter:label1\" content=\"Tiempo de lectura\" \/>\n\t<meta name=\"twitter:data1\" content=\"3 minutos\" \/>\n<script type=\"application\/ld+json\" class=\"yoast-schema-graph\">{\"@context\":\"https:\/\/schema.org\",\"@graph\":[{\"@type\":\"WebPage\",\"@id\":\"https:\/\/aitenea.com\/jobs\/\",\"url\":\"https:\/\/aitenea.com\/jobs\/\",\"name\":\"Jobs - Aitenea Biotech\",\"isPartOf\":{\"@id\":\"https:\/\/aitenea.com\/#website\"},\"primaryImageOfPage\":{\"@id\":\"https:\/\/aitenea.com\/jobs\/#primaryimage\"},\"image\":{\"@id\":\"https:\/\/aitenea.com\/jobs\/#primaryimage\"},\"thumbnailUrl\":\"https:\/\/aitenea.com\/wp-content\/uploads\/logo-aitenea-blanco-1024x350.png\",\"datePublished\":\"2024-10-16T13:42:45+00:00\",\"dateModified\":\"2024-12-04T21:42:58+00:00\",\"breadcrumb\":{\"@id\":\"https:\/\/aitenea.com\/jobs\/#breadcrumb\"},\"inLanguage\":\"es\",\"potentialAction\":[{\"@type\":\"ReadAction\",\"target\":[\"https:\/\/aitenea.com\/jobs\/\"]}]},{\"@type\":\"ImageObject\",\"inLanguage\":\"es\",\"@id\":\"https:\/\/aitenea.com\/jobs\/#primaryimage\",\"url\":\"https:\/\/aitenea.com\/wp-content\/uploads\/logo-aitenea-blanco-1024x350.png\",\"contentUrl\":\"https:\/\/aitenea.com\/wp-content\/uploads\/logo-aitenea-blanco-1024x350.png\"},{\"@type\":\"BreadcrumbList\",\"@id\":\"https:\/\/aitenea.com\/jobs\/#breadcrumb\",\"itemListElement\":[{\"@type\":\"ListItem\",\"position\":1,\"name\":\"Portada\",\"item\":\"https:\/\/aitenea.com\/\"},{\"@type\":\"ListItem\",\"position\":2,\"name\":\"Jobs\"}]},{\"@type\":\"WebSite\",\"@id\":\"https:\/\/aitenea.com\/#website\",\"url\":\"https:\/\/aitenea.com\/\",\"name\":\"AItenea Biotech\",\"description\":\"\",\"publisher\":{\"@id\":\"https:\/\/aitenea.com\/#organization\"},\"potentialAction\":[{\"@type\":\"SearchAction\",\"target\":{\"@type\":\"EntryPoint\",\"urlTemplate\":\"https:\/\/aitenea.com\/?s={search_term_string}\"},\"query-input\":{\"@type\":\"PropertyValueSpecification\",\"valueRequired\":true,\"valueName\":\"search_term_string\"}}],\"inLanguage\":\"es\"},{\"@type\":\"Organization\",\"@id\":\"https:\/\/aitenea.com\/#organization\",\"name\":\"AItenea Biotech\",\"url\":\"https:\/\/aitenea.com\/\",\"logo\":{\"@type\":\"ImageObject\",\"inLanguage\":\"es\",\"@id\":\"https:\/\/aitenea.com\/#\/schema\/logo\/image\/\",\"url\":\"https:\/\/aitenea.com\/wp-content\/uploads\/AItenea-Logo.png\",\"contentUrl\":\"https:\/\/aitenea.com\/wp-content\/uploads\/AItenea-Logo.png\",\"width\":2328,\"height\":704,\"caption\":\"AItenea Biotech\"},\"image\":{\"@id\":\"https:\/\/aitenea.com\/#\/schema\/logo\/image\/\"},\"sameAs\":[\"https:\/\/www.linkedin.com\/company\/aitenea-biotech\/?trk=ppro_cprof&originalSubdomain=es\"]}]}<\/script>\n<!-- \/ Yoast SEO plugin. -->","yoast_head_json":{"title":"Jobs - Aitenea Biotech","robots":{"index":"index","follow":"follow","max-snippet":"max-snippet:-1","max-image-preview":"max-image-preview:large","max-video-preview":"max-video-preview:-1"},"canonical":"https:\/\/aitenea.com\/es\/jobs\/","og_locale":"es_ES","og_type":"article","og_title":"Jobs - Aitenea Biotech","og_description":"Take the First Step Towards Your Next Job Machine Learning Engineer for Molecular Design and Optimization Aitenea Biotech is a [&hellip;]","og_url":"https:\/\/aitenea.com\/es\/jobs\/","og_site_name":"Aitenea Biotech","article_modified_time":"2024-12-04T21:42:58+00:00","og_image":[{"width":1080,"height":369,"url":"https:\/\/aitenea.com\/wp-content\/uploads\/logo-aitenea-blanco.png","type":"image\/png"}],"twitter_card":"summary_large_image","twitter_misc":{"Tiempo de lectura":"3 minutos"},"schema":{"@context":"https:\/\/schema.org","@graph":[{"@type":"WebPage","@id":"https:\/\/aitenea.com\/jobs\/","url":"https:\/\/aitenea.com\/jobs\/","name":"Jobs - Aitenea Biotech","isPartOf":{"@id":"https:\/\/aitenea.com\/#website"},"primaryImageOfPage":{"@id":"https:\/\/aitenea.com\/jobs\/#primaryimage"},"image":{"@id":"https:\/\/aitenea.com\/jobs\/#primaryimage"},"thumbnailUrl":"https:\/\/aitenea.com\/wp-content\/uploads\/logo-aitenea-blanco-1024x350.png","datePublished":"2024-10-16T13:42:45+00:00","dateModified":"2024-12-04T21:42:58+00:00","breadcrumb":{"@id":"https:\/\/aitenea.com\/jobs\/#breadcrumb"},"inLanguage":"es","potentialAction":[{"@type":"ReadAction","target":["https:\/\/aitenea.com\/jobs\/"]}]},{"@type":"ImageObject","inLanguage":"es","@id":"https:\/\/aitenea.com\/jobs\/#primaryimage","url":"https:\/\/aitenea.com\/wp-content\/uploads\/logo-aitenea-blanco-1024x350.png","contentUrl":"https:\/\/aitenea.com\/wp-content\/uploads\/logo-aitenea-blanco-1024x350.png"},{"@type":"BreadcrumbList","@id":"https:\/\/aitenea.com\/jobs\/#breadcrumb","itemListElement":[{"@type":"ListItem","position":1,"name":"Portada","item":"https:\/\/aitenea.com\/"},{"@type":"ListItem","position":2,"name":"Jobs"}]},{"@type":"WebSite","@id":"https:\/\/aitenea.com\/#website","url":"https:\/\/aitenea.com\/","name":"AItenea Biotech","description":"","publisher":{"@id":"https:\/\/aitenea.com\/#organization"},"potentialAction":[{"@type":"SearchAction","target":{"@type":"EntryPoint","urlTemplate":"https:\/\/aitenea.com\/?s={search_term_string}"},"query-input":{"@type":"PropertyValueSpecification","valueRequired":true,"valueName":"search_term_string"}}],"inLanguage":"es"},{"@type":"Organization","@id":"https:\/\/aitenea.com\/#organization","name":"AItenea Biotech","url":"https:\/\/aitenea.com\/","logo":{"@type":"ImageObject","inLanguage":"es","@id":"https:\/\/aitenea.com\/#\/schema\/logo\/image\/","url":"https:\/\/aitenea.com\/wp-content\/uploads\/AItenea-Logo.png","contentUrl":"https:\/\/aitenea.com\/wp-content\/uploads\/AItenea-Logo.png","width":2328,"height":704,"caption":"AItenea Biotech"},"image":{"@id":"https:\/\/aitenea.com\/#\/schema\/logo\/image\/"},"sameAs":["https:\/\/www.linkedin.com\/company\/aitenea-biotech\/?trk=ppro_cprof&originalSubdomain=es"]}]}},"_links":{"self":[{"href":"https:\/\/aitenea.com\/es\/wp-json\/wp\/v2\/pages\/170","targetHints":{"allow":["GET"]}}],"collection":[{"href":"https:\/\/aitenea.com\/es\/wp-json\/wp\/v2\/pages"}],"about":[{"href":"https:\/\/aitenea.com\/es\/wp-json\/wp\/v2\/types\/page"}],"author":[{"embeddable":true,"href":"https:\/\/aitenea.com\/es\/wp-json\/wp\/v2\/users\/1"}],"replies":[{"embeddable":true,"href":"https:\/\/aitenea.com\/es\/wp-json\/wp\/v2\/comments?post=170"}],"version-history":[{"count":50,"href":"https:\/\/aitenea.com\/es\/wp-json\/wp\/v2\/pages\/170\/revisions"}],"predecessor-version":[{"id":1231,"href":"https:\/\/aitenea.com\/es\/wp-json\/wp\/v2\/pages\/170\/revisions\/1231"}],"wp:attachment":[{"href":"https:\/\/aitenea.com\/es\/wp-json\/wp\/v2\/media?parent=170"}],"curies":[{"name":"wp","href":"https:\/\/api.w.org\/{rel}","templated":true}]}}