{"id":166,"date":"2024-10-16T15:41:56","date_gmt":"2024-10-16T13:41:56","guid":{"rendered":"https:\/\/aitenea.online\/?page_id=166"},"modified":"2024-12-17T18:25:34","modified_gmt":"2024-12-17T17:25:34","slug":"portfolio","status":"publish","type":"page","link":"https:\/\/aitenea.com\/es\/portfolio\/","title":{"rendered":"Portfolio"},"content":{"rendered":"<div data-elementor-type=\"wp-page\" data-elementor-id=\"166\" class=\"elementor elementor-166\" data-elementor-post-type=\"page\">\n\t\t\t\t<div class=\"elementor-element elementor-element-1064c68 e-flex e-con-boxed e-con e-parent\" data-id=\"1064c68\" data-element_type=\"container\">\n\t\t\t\t\t<div class=\"e-con-inner\">\n\t\t\t\t<div class=\"elementor-element elementor-element-381720b elementor-widget elementor-widget-heading\" data-id=\"381720b\" data-element_type=\"widget\" data-widget_type=\"heading.default\">\n\t\t\t\t<div class=\"elementor-widget-container\">\n\t\t\t\t\t<h1 class=\"elementor-heading-title elementor-size-default\">Aquellos que han vislumbrado el futuro no quieren mirar atr\u00e1s<\/h1>\t\t\t\t<\/div>\n\t\t\t\t<\/div>\n\t\t\t\t<div class=\"elementor-element elementor-element-29d58e6 elementor-widget elementor-widget-text-editor\" data-id=\"29d58e6\" data-element_type=\"widget\" data-widget_type=\"text-editor.default\">\n\t\t\t\t<div class=\"elementor-widget-container\">\n\t\t\t\t\t\t\t\t\t<p style=\"text-align: center;\">El dise\u00f1o y desarrollo de compuestos qu\u00edmicos es un proceso complejo, en el que es necesario intentar aunar el m\u00e1ximo de esfuerzos posibles para reducir los elevados tiempos de desarrollo, su elevado coste y tratar de reducir el riesgo de inversi\u00f3n.<\/p><p style=\"text-align: center;\">Ante esta situaci\u00f3n, Aitenea Biotech ha desarrollado una estrategia basada en la sinergia entre la Inteligencia Artificial y la Qu\u00edmica y la Qu\u00edmica Org\u00e1nica que permite desarrollar nuevas mol\u00e9culas de una forma m\u00e1s eficiente, reduciendo tanto tiempos como costes. Estas son algunas de las instituciones que han confiado en nosotros para guiar este proceso.<\/p>\t\t\t\t\t\t\t\t<\/div>\n\t\t\t\t<\/div>\n\t\t\t\t\t<\/div>\n\t\t\t\t<\/div>\n\t\t<div class=\"elementor-element elementor-element-f9436af e-con-full e-flex e-con e-parent\" data-id=\"f9436af\" data-element_type=\"container\">\n\t\t\t\t<div class=\"elementor-element elementor-element-460944c elementor-widget elementor-widget-shortcode\" data-id=\"460944c\" data-element_type=\"widget\" data-widget_type=\"shortcode.default\">\n\t\t\t\t<div class=\"elementor-widget-container\">\n\t\t\t\t\t\t\t<div class=\"elementor-shortcode\">\n<div class=\"vp-portfolio vp-uid-e617c00e vp-id-687  vp-portfolio__stretch\"\n\tdata-vp-layout=\"grid\" data-vp-content-source=\"post-based\" data-vp-items-style=\"emerge\" data-vp-items-click-action=\"\" data-vp-items-gap=\"15\" data-vp-items-gap-vertical=\"\" data-vp-pagination=\"load-more\" data-vp-next-page-url=\"\" data-vp-grid-columns=\"4\" >\n\t<div class=\"vp-portfolio__preloader-wrap\">\n\t\t<div class=\"vp-portfolio__preloader\">\n\t\t\t<img decoding=\"async\" loading=\"eager\" src=\"https:\/\/aitenea.com\/wp-content\/plugins\/visual-portfolio\/assets\/images\/logo-dark.svg\" alt=\"Visual Portfolio, Posts &amp; Image Gallery para WordPress\" width=\"20\" height=\"20\" data-skip-lazy>\n\t\t<\/div>\n\t<\/div>\n\t\t<div class=\"vp-portfolio__layout-elements vp-portfolio__layout-elements-top vp-portfolio__layout-elements-align-center\">\n\t\t\t\t<div class=\"vp-portfolio__filter-wrap\">\n\t\t\n<div class=\"vp-filter vp-filter__style-minimal\">\n\t\t\t<div class=\"vp-filter__item vp-filter__item-active\">\n\t\t\t<a href=\"https:\/\/aitenea.com\/es\/wp-json\/wp\/v2\/pages\/166\" data-vp-filter=\"*\">\n\t\t\t\tTodos\n\t\t\t\t\t\t\t<\/a>\n\t\t<\/div>\n\t\t\t\t<div class=\"vp-filter__item\">\n\t\t\t<a href=\"https:\/\/aitenea.com\/es\/wp-json\/wp\/v2\/pages\/166?vp_filter=portfolio_category%3Ard\" data-vp-filter=\"rd\">\n\t\t\t\tR&amp;D\n\t\t\t\t\t\t\t<\/a>\n\t\t<\/div>\n\t\t<\/div>\n\t\t<\/div>\n\t\t\t\t<\/div>\n\t\t\t\t<div class=\"vp-portfolio__items-wrap\">\n\t\t\t\n<div class=\"vp-portfolio__items vp-portfolio__items-style-emerge vp-portfolio__items-show-overlay-hover vp-portfolio__items-show-caption-hover\">\n\n\t\t<article\t\tclass=\"vp-portfolio__item-wrap post-1391 portfolio type-portfolio status-publish format-standard has-post-thumbnail hentry portfolio_category-rd vp-portfolio__item-uid-5ae34235\" data-vp-filter=\"rd\" \t\t>\n\t\t\t\t\t\t\t\t\t<figure class=\"vp-portfolio__item\">\n\t\t\t\t\n<div class=\"vp-portfolio__item-img-wrap\">\n\t<div class=\"vp-portfolio__item-img\">\n\t\t\n\t\t<noscript><img fetchpriority=\"high\" decoding=\"async\" width=\"1280\" height=\"482\" data-skip-lazy src=\"https:\/\/aitenea.com\/wp-content\/uploads\/SYLENTIS-1280x482.jpg\" class=\"wp-image-1392\" alt=\"Sylentis\" srcset=\"https:\/\/aitenea.com\/wp-content\/uploads\/SYLENTIS-1280x482.jpg 1280w, https:\/\/aitenea.com\/wp-content\/uploads\/SYLENTIS-300x113.jpg 300w, https:\/\/aitenea.com\/wp-content\/uploads\/SYLENTIS-1024x386.jpg 1024w, https:\/\/aitenea.com\/wp-content\/uploads\/SYLENTIS-768x289.jpg 768w, https:\/\/aitenea.com\/wp-content\/uploads\/SYLENTIS-1536x578.jpg 1536w, https:\/\/aitenea.com\/wp-content\/uploads\/SYLENTIS-18x7.jpg 18w, https:\/\/aitenea.com\/wp-content\/uploads\/SYLENTIS-500x188.jpg 500w, https:\/\/aitenea.com\/wp-content\/uploads\/SYLENTIS-800x301.jpg 800w, https:\/\/aitenea.com\/wp-content\/uploads\/SYLENTIS-1920x723.jpg 1920w, https:\/\/aitenea.com\/wp-content\/uploads\/SYLENTIS.jpg 2040w\" sizes=\"(max-width: 1280px) 100vw, 1280px\" \/><\/noscript><img decoding=\"async\" width=\"1280\" height=\"482\" src=\"https:\/\/aitenea.com\/wp-content\/uploads\/SYLENTIS-1280x482.jpg\" class=\"wp-image-1392 vp-lazyload\" alt=\"Sylentis\" srcset=\"data:image\/svg+xml;base64,PHN2ZyB3aWR0aD0iMTI4MCIgaGVpZ2h0PSI0ODIiIHZpZXdCb3g9IjAgMCAxMjgwIDQ4MiIgZmlsbD0ibm9uZSIgeG1sbnM9Imh0dHA6Ly93d3cudzMub3JnLzIwMDAvc3ZnIj48L3N2Zz4=\" data-src=\"https:\/\/aitenea.com\/wp-content\/uploads\/SYLENTIS-1280x482.jpg\" data-srcset=\"https:\/\/aitenea.com\/wp-content\/uploads\/SYLENTIS-1280x482.jpg 1280w, https:\/\/aitenea.com\/wp-content\/uploads\/SYLENTIS-300x113.jpg 300w, https:\/\/aitenea.com\/wp-content\/uploads\/SYLENTIS-1024x386.jpg 1024w, https:\/\/aitenea.com\/wp-content\/uploads\/SYLENTIS-768x289.jpg 768w, https:\/\/aitenea.com\/wp-content\/uploads\/SYLENTIS-1536x578.jpg 1536w, https:\/\/aitenea.com\/wp-content\/uploads\/SYLENTIS-18x7.jpg 18w, https:\/\/aitenea.com\/wp-content\/uploads\/SYLENTIS-500x188.jpg 500w, https:\/\/aitenea.com\/wp-content\/uploads\/SYLENTIS-800x301.jpg 800w, https:\/\/aitenea.com\/wp-content\/uploads\/SYLENTIS-1920x723.jpg 1920w, https:\/\/aitenea.com\/wp-content\/uploads\/SYLENTIS.jpg 2040w\" data-sizes=\"auto\" loading=\"eager\">\n\t\t<div class=\"vp-portfolio__item-overlay\"><\/div>\n\n\t\t\t<\/div>\n<\/div>\n\n\t<figcaption class=\"vp-portfolio__item-caption vp-portfolio__item-caption-text-align-center\">\n\t\t<div class=\"vp-portfolio__item-meta-wrap vp-portfolio__custom-scrollbar\">\n\t\t\t<div class=\"vp-portfolio__item-meta\">\n\t\t\t\t\n<div class=\"vp-portfolio__item-meta-categories\">\n\t\t\t<div class=\"vp-portfolio__item-meta-category\">\n\t\t\t\t<a\n\t\thref=\"https:\/\/aitenea.com\/es\/wp-json\/wp\/v2\/pages\/166?vp_filter=portfolio_category%3Ard\"\n\t\t\t>\n\tR&amp;D<\/a>\t\t<\/div>\n\t\t<\/div>\n\n<h2 class=\"vp-portfolio__item-meta-title\">\n\tSylentis<\/h2>\n\t\t\t<\/div>\n\t\t<\/div>\n\t<\/figcaption>\n\t\t\t<\/figure>\n\t\t\t\t\t<\/article>\n\t\t\n\t\t<article\t\tclass=\"vp-portfolio__item-wrap post-685 portfolio type-portfolio status-publish format-standard has-post-thumbnail hentry portfolio_category-rd vp-portfolio__item-uid-06fadd8c\" data-vp-filter=\"rd\" style=\"--vp-images__object-position: 100% 100%;\" \t\t>\n\t\t\t\t\t\t\t\t\t<figure class=\"vp-portfolio__item\">\n\t\t\t\t\n<div class=\"vp-portfolio__item-img-wrap\">\n\t<div class=\"vp-portfolio__item-img\">\n\t\t\n\t\t<noscript><img decoding=\"async\" width=\"1280\" height=\"1058\" data-skip-lazy src=\"https:\/\/aitenea.com\/wp-content\/uploads\/repsol-logo-1-1280x1058.png\" class=\"wp-image-1384\" alt=\"Logo Repsol\" srcset=\"https:\/\/aitenea.com\/wp-content\/uploads\/repsol-logo-1-1280x1058.png 1280w, https:\/\/aitenea.com\/wp-content\/uploads\/repsol-logo-1-300x248.png 300w, https:\/\/aitenea.com\/wp-content\/uploads\/repsol-logo-1-1024x846.png 1024w, https:\/\/aitenea.com\/wp-content\/uploads\/repsol-logo-1-768x635.png 768w, https:\/\/aitenea.com\/wp-content\/uploads\/repsol-logo-1-1536x1269.png 1536w, https:\/\/aitenea.com\/wp-content\/uploads\/repsol-logo-1-2048x1693.png 2048w, https:\/\/aitenea.com\/wp-content\/uploads\/repsol-logo-1-15x12.png 15w, https:\/\/aitenea.com\/wp-content\/uploads\/repsol-logo-1-500x413.png 500w, https:\/\/aitenea.com\/wp-content\/uploads\/repsol-logo-1-800x661.png 800w, https:\/\/aitenea.com\/wp-content\/uploads\/repsol-logo-1-1920x1587.png 1920w\" sizes=\"(max-width: 1280px) 100vw, 1280px\" \/><\/noscript><img decoding=\"async\" width=\"1280\" height=\"1058\" src=\"https:\/\/aitenea.com\/wp-content\/uploads\/repsol-logo-1-1280x1058.png\" class=\"wp-image-1384 vp-lazyload\" alt=\"Logo Repsol\" srcset=\"data:image\/svg+xml;base64,PHN2ZyB3aWR0aD0iMTI4MCIgaGVpZ2h0PSIxMDU4IiB2aWV3Qm94PSIwIDAgMTI4MCAxMDU4IiBmaWxsPSJub25lIiB4bWxucz0iaHR0cDovL3d3dy53My5vcmcvMjAwMC9zdmciPjwvc3ZnPg==\" data-src=\"https:\/\/aitenea.com\/wp-content\/uploads\/repsol-logo-1-1280x1058.png\" data-srcset=\"https:\/\/aitenea.com\/wp-content\/uploads\/repsol-logo-1-1280x1058.png 1280w, https:\/\/aitenea.com\/wp-content\/uploads\/repsol-logo-1-300x248.png 300w, https:\/\/aitenea.com\/wp-content\/uploads\/repsol-logo-1-1024x846.png 1024w, https:\/\/aitenea.com\/wp-content\/uploads\/repsol-logo-1-768x635.png 768w, https:\/\/aitenea.com\/wp-content\/uploads\/repsol-logo-1-1536x1269.png 1536w, https:\/\/aitenea.com\/wp-content\/uploads\/repsol-logo-1-2048x1693.png 2048w, https:\/\/aitenea.com\/wp-content\/uploads\/repsol-logo-1-15x12.png 15w, https:\/\/aitenea.com\/wp-content\/uploads\/repsol-logo-1-500x413.png 500w, https:\/\/aitenea.com\/wp-content\/uploads\/repsol-logo-1-800x661.png 800w, https:\/\/aitenea.com\/wp-content\/uploads\/repsol-logo-1-1920x1587.png 1920w\" data-sizes=\"auto\" loading=\"eager\">\n\t\t<div class=\"vp-portfolio__item-overlay\"><\/div>\n\n\t\t\t<\/div>\n<\/div>\n\n\t<figcaption class=\"vp-portfolio__item-caption vp-portfolio__item-caption-text-align-center\">\n\t\t<div class=\"vp-portfolio__item-meta-wrap vp-portfolio__custom-scrollbar\">\n\t\t\t<div class=\"vp-portfolio__item-meta\">\n\t\t\t\t\n<div class=\"vp-portfolio__item-meta-categories\">\n\t\t\t<div class=\"vp-portfolio__item-meta-category\">\n\t\t\t\t<a\n\t\thref=\"https:\/\/aitenea.com\/es\/wp-json\/wp\/v2\/pages\/166?vp_filter=portfolio_category%3Ard\"\n\t\t\t>\n\tR&amp;D<\/a>\t\t<\/div>\n\t\t<\/div>\n\n<h2 class=\"vp-portfolio__item-meta-title\">\n\tRepsol<\/h2>\n\t\t\t<\/div>\n\t\t<\/div>\n\t<\/figcaption>\n\t\t\t<\/figure>\n\t\t\t\t\t<\/article>\n\t\t\n<\/div>\n\t\t<\/div>\n\t\t\n<\/div>\n<\/div>\n\t\t\t\t\t\t<\/div>\n\t\t\t\t<\/div>\n\t\t\t\t<div class=\"elementor-element elementor-element-9ca974c elementor-widget elementor-widget-spacer\" data-id=\"9ca974c\" data-element_type=\"widget\" data-widget_type=\"spacer.default\">\n\t\t\t\t<div class=\"elementor-widget-container\">\n\t\t\t\t\t\t\t<div class=\"elementor-spacer\">\n\t\t\t<div class=\"elementor-spacer-inner\"><\/div>\n\t\t<\/div>\n\t\t\t\t\t\t<\/div>\n\t\t\t\t<\/div>\n\t\t\t\t<\/div>\n\t\t\t\t<\/div>","protected":false},"excerpt":{"rendered":"<p>Those who\u2019ve glimpsed the future don\u2019t want to look back The design and development of chemical compounds is a complex [&hellip;]<\/p>","protected":false},"author":1,"featured_media":0,"parent":0,"menu_order":0,"comment_status":"closed","ping_status":"closed","template":"","meta":{"site-sidebar-layout":"no-sidebar","site-content-layout":"","ast-site-content-layout":"full-width-container","site-content-style":"default","site-sidebar-style":"default","ast-global-header-display":"","ast-banner-title-visibility":"","ast-main-header-display":"","ast-hfb-above-header-display":"","ast-hfb-below-header-display":"","ast-hfb-mobile-header-display":"","site-post-title":"disabled","ast-breadcrumbs-content":"","ast-featured-img":"disabled","footer-sml-layout":"","theme-transparent-header-meta":"","adv-header-id-meta":"","stick-header-meta":"","header-above-stick-meta":"","header-main-stick-meta":"","header-below-stick-meta":"","astra-migrate-meta-layouts":"default","ast-page-background-enabled":"default","ast-page-background-meta":{"desktop":{"background-color":"var(--ast-global-color-4)","background-image":"","background-repeat":"repeat","background-position":"center center","background-size":"auto","background-attachment":"scroll","background-type":"","background-media":"","overlay-type":"","overlay-color":"","overlay-opacity":"","overlay-gradient":""},"tablet":{"background-color":"","background-image":"","background-repeat":"repeat","background-position":"center center","background-size":"auto","background-attachment":"scroll","background-type":"","background-media":"","overlay-type":"","overlay-color":"","overlay-opacity":"","overlay-gradient":""},"mobile":{"background-color":"","background-image":"","background-repeat":"repeat","background-position":"center center","background-size":"auto","background-attachment":"scroll","background-type":"","background-media":"","overlay-type":"","overlay-color":"","overlay-opacity":"","overlay-gradient":""}},"ast-content-background-meta":{"desktop":{"background-color":"var(--ast-global-color-5)","background-image":"","background-repeat":"repeat","background-position":"center center","background-size":"auto","background-attachment":"scroll","background-type":"","background-media":"","overlay-type":"","overlay-color":"","overlay-opacity":"","overlay-gradient":""},"tablet":{"background-color":"var(--ast-global-color-5)","background-image":"","background-repeat":"repeat","background-position":"center center","background-size":"auto","background-attachment":"scroll","background-type":"","background-media":"","overlay-type":"","overlay-color":"","overlay-opacity":"","overlay-gradient":""},"mobile":{"background-color":"var(--ast-global-color-5)","background-image":"","background-repeat":"repeat","background-position":"center center","background-size":"auto","background-attachment":"scroll","background-type":"","background-media":"","overlay-type":"","overlay-color":"","overlay-opacity":"","overlay-gradient":""}},"_vp_format_video_url":"","_vp_image_focal_point":[],"footnotes":""},"class_list":["post-166","page","type-page","status-publish","hentry"],"yoast_head":"<!-- This site is optimized with the Yoast SEO plugin v25.9 - https:\/\/yoast.com\/wordpress\/plugins\/seo\/ -->\n<title>Portfolio - Aitenea Biotech<\/title>\n<meta name=\"robots\" content=\"index, follow, max-snippet:-1, max-image-preview:large, max-video-preview:-1\" \/>\n<link rel=\"canonical\" href=\"https:\/\/aitenea.com\/es\/portfolio\/\" \/>\n<meta property=\"og:locale\" content=\"es_ES\" \/>\n<meta property=\"og:type\" content=\"article\" \/>\n<meta property=\"og:title\" content=\"Portfolio - Aitenea Biotech\" \/>\n<meta property=\"og:description\" content=\"Those who\u2019ve glimpsed the future don\u2019t want to look back The design and development of chemical compounds is a complex [&hellip;]\" \/>\n<meta property=\"og:url\" content=\"https:\/\/aitenea.com\/es\/portfolio\/\" \/>\n<meta property=\"og:site_name\" content=\"Aitenea Biotech\" \/>\n<meta property=\"article:modified_time\" content=\"2024-12-17T17:25:34+00:00\" \/>\n<meta name=\"twitter:card\" content=\"summary_large_image\" \/>\n<meta name=\"twitter:label1\" content=\"Tiempo de lectura\" \/>\n\t<meta name=\"twitter:data1\" content=\"1 minuto\" \/>\n<script type=\"application\/ld+json\" class=\"yoast-schema-graph\">{\"@context\":\"https:\/\/schema.org\",\"@graph\":[{\"@type\":\"WebPage\",\"@id\":\"https:\/\/aitenea.com\/portfolio\/\",\"url\":\"https:\/\/aitenea.com\/portfolio\/\",\"name\":\"Portfolio - Aitenea Biotech\",\"isPartOf\":{\"@id\":\"https:\/\/aitenea.com\/#website\"},\"datePublished\":\"2024-10-16T13:41:56+00:00\",\"dateModified\":\"2024-12-17T17:25:34+00:00\",\"breadcrumb\":{\"@id\":\"https:\/\/aitenea.com\/portfolio\/#breadcrumb\"},\"inLanguage\":\"es\",\"potentialAction\":[{\"@type\":\"ReadAction\",\"target\":[\"https:\/\/aitenea.com\/portfolio\/\"]}]},{\"@type\":\"BreadcrumbList\",\"@id\":\"https:\/\/aitenea.com\/portfolio\/#breadcrumb\",\"itemListElement\":[{\"@type\":\"ListItem\",\"position\":1,\"name\":\"Portada\",\"item\":\"https:\/\/aitenea.com\/\"},{\"@type\":\"ListItem\",\"position\":2,\"name\":\"Portfolio\"}]},{\"@type\":\"WebSite\",\"@id\":\"https:\/\/aitenea.com\/#website\",\"url\":\"https:\/\/aitenea.com\/\",\"name\":\"AItenea Biotech\",\"description\":\"\",\"publisher\":{\"@id\":\"https:\/\/aitenea.com\/#organization\"},\"potentialAction\":[{\"@type\":\"SearchAction\",\"target\":{\"@type\":\"EntryPoint\",\"urlTemplate\":\"https:\/\/aitenea.com\/?s={search_term_string}\"},\"query-input\":{\"@type\":\"PropertyValueSpecification\",\"valueRequired\":true,\"valueName\":\"search_term_string\"}}],\"inLanguage\":\"es\"},{\"@type\":\"Organization\",\"@id\":\"https:\/\/aitenea.com\/#organization\",\"name\":\"AItenea Biotech\",\"url\":\"https:\/\/aitenea.com\/\",\"logo\":{\"@type\":\"ImageObject\",\"inLanguage\":\"es\",\"@id\":\"https:\/\/aitenea.com\/#\/schema\/logo\/image\/\",\"url\":\"https:\/\/aitenea.com\/wp-content\/uploads\/AItenea-Logo.png\",\"contentUrl\":\"https:\/\/aitenea.com\/wp-content\/uploads\/AItenea-Logo.png\",\"width\":2328,\"height\":704,\"caption\":\"AItenea Biotech\"},\"image\":{\"@id\":\"https:\/\/aitenea.com\/#\/schema\/logo\/image\/\"},\"sameAs\":[\"https:\/\/www.linkedin.com\/company\/aitenea-biotech\/?trk=ppro_cprof&originalSubdomain=es\"]}]}<\/script>\n<!-- \/ Yoast SEO plugin. -->","yoast_head_json":{"title":"Portfolio - Aitenea Biotech","robots":{"index":"index","follow":"follow","max-snippet":"max-snippet:-1","max-image-preview":"max-image-preview:large","max-video-preview":"max-video-preview:-1"},"canonical":"https:\/\/aitenea.com\/es\/portfolio\/","og_locale":"es_ES","og_type":"article","og_title":"Portfolio - Aitenea Biotech","og_description":"Those who\u2019ve glimpsed the future don\u2019t want to look back The design and development of chemical compounds is a complex [&hellip;]","og_url":"https:\/\/aitenea.com\/es\/portfolio\/","og_site_name":"Aitenea Biotech","article_modified_time":"2024-12-17T17:25:34+00:00","twitter_card":"summary_large_image","twitter_misc":{"Tiempo de lectura":"1 minuto"},"schema":{"@context":"https:\/\/schema.org","@graph":[{"@type":"WebPage","@id":"https:\/\/aitenea.com\/portfolio\/","url":"https:\/\/aitenea.com\/portfolio\/","name":"Portfolio - Aitenea Biotech","isPartOf":{"@id":"https:\/\/aitenea.com\/#website"},"datePublished":"2024-10-16T13:41:56+00:00","dateModified":"2024-12-17T17:25:34+00:00","breadcrumb":{"@id":"https:\/\/aitenea.com\/portfolio\/#breadcrumb"},"inLanguage":"es","potentialAction":[{"@type":"ReadAction","target":["https:\/\/aitenea.com\/portfolio\/"]}]},{"@type":"BreadcrumbList","@id":"https:\/\/aitenea.com\/portfolio\/#breadcrumb","itemListElement":[{"@type":"ListItem","position":1,"name":"Portada","item":"https:\/\/aitenea.com\/"},{"@type":"ListItem","position":2,"name":"Portfolio"}]},{"@type":"WebSite","@id":"https:\/\/aitenea.com\/#website","url":"https:\/\/aitenea.com\/","name":"AItenea Biotech","description":"","publisher":{"@id":"https:\/\/aitenea.com\/#organization"},"potentialAction":[{"@type":"SearchAction","target":{"@type":"EntryPoint","urlTemplate":"https:\/\/aitenea.com\/?s={search_term_string}"},"query-input":{"@type":"PropertyValueSpecification","valueRequired":true,"valueName":"search_term_string"}}],"inLanguage":"es"},{"@type":"Organization","@id":"https:\/\/aitenea.com\/#organization","name":"AItenea Biotech","url":"https:\/\/aitenea.com\/","logo":{"@type":"ImageObject","inLanguage":"es","@id":"https:\/\/aitenea.com\/#\/schema\/logo\/image\/","url":"https:\/\/aitenea.com\/wp-content\/uploads\/AItenea-Logo.png","contentUrl":"https:\/\/aitenea.com\/wp-content\/uploads\/AItenea-Logo.png","width":2328,"height":704,"caption":"AItenea Biotech"},"image":{"@id":"https:\/\/aitenea.com\/#\/schema\/logo\/image\/"},"sameAs":["https:\/\/www.linkedin.com\/company\/aitenea-biotech\/?trk=ppro_cprof&originalSubdomain=es"]}]}},"_links":{"self":[{"href":"https:\/\/aitenea.com\/es\/wp-json\/wp\/v2\/pages\/166","targetHints":{"allow":["GET"]}}],"collection":[{"href":"https:\/\/aitenea.com\/es\/wp-json\/wp\/v2\/pages"}],"about":[{"href":"https:\/\/aitenea.com\/es\/wp-json\/wp\/v2\/types\/page"}],"author":[{"embeddable":true,"href":"https:\/\/aitenea.com\/es\/wp-json\/wp\/v2\/users\/1"}],"replies":[{"embeddable":true,"href":"https:\/\/aitenea.com\/es\/wp-json\/wp\/v2\/comments?post=166"}],"version-history":[{"count":25,"href":"https:\/\/aitenea.com\/es\/wp-json\/wp\/v2\/pages\/166\/revisions"}],"predecessor-version":[{"id":1429,"href":"https:\/\/aitenea.com\/es\/wp-json\/wp\/v2\/pages\/166\/revisions\/1429"}],"wp:attachment":[{"href":"https:\/\/aitenea.com\/es\/wp-json\/wp\/v2\/media?parent=166"}],"curies":[{"name":"wp","href":"https:\/\/api.w.org\/{rel}","templated":true}]}}